{"id":595,"date":"2025-11-04T07:57:08","date_gmt":"2025-11-04T07:57:08","guid":{"rendered":"https:\/\/marielisegouit.com\/?page_id=595"},"modified":"2025-11-04T07:57:08","modified_gmt":"2025-11-04T07:57:08","slug":"politique-de-confidentialite","status":"publish","type":"page","link":"https:\/\/marielisegouit.com\/it\/politique-de-confidentialite\/","title":{"rendered":"Privacy Policy"},"content":{"rendered":"<div class=\"wp-block-uagb-container uagb-layout-grid uagb-block-61c3fd7a alignfull uagb-is-root-container\"><div class=\"uagb-container__shape uagb-container__shape-bottom uagb-container__invert\" data-negative=\"false\"><svg xmlns=\"https:\/\/www.w3.org\/2000\/svg\" viewbox=\"0 0 1000 100\" preserveaspectratio=\"none\"><path class=\"uagb-container__shape-fill\" d=\"M421.9,6.5c22.6-2.5,51.5,0.4,75.5,5.3c23.6,4.9,70.9,23.5,100.5,35.7c75.8,32.2,133.7,44.5,192.6,49.7  c23.6,2.1,48.7,3.5,103.4-2.5c54.7-6,106.2-25.6,106.2-25.6V0H0v30.3c0,0,72,32.6,158.4,30.5c39.2-0.7,92.8-6.7,134-22.4  c21.2-8.1,52.2-18.2,79.7-24.2C399.3,7.9,411.6,7.5,421.9,6.5z\"><\/path><\/svg><\/div><div class=\"uagb-container-inner-blocks-wrap\">\n<div class=\"wp-block-uagb-info-box uagb-block-3a2b7719 uagb-infobox__content-wrap  uagb-infobox-icon-above-title uagb-infobox-image-valign-top\"><div class=\"uagb-ifb-content\"><div class=\"uagb-ifb-title-wrap\"><h1 class=\"uagb-ifb-title\">Privacy Policy<\/h1><\/div><\/div><\/div>\n<\/div><\/div>\n\n\n\n<div class=\"wp-block-uagb-container uagb-block-fce5a886 alignfull uagb-is-root-container\"><div class=\"uagb-container-inner-blocks-wrap\">\n<div class=\"wp-block-uagb-container uagb-block-cf0ac3c7\">\n<div class=\"wp-block-uagb-container uagb-layout-grid uagb-block-7c86c598\">\n<p>GOUIT MARIE LISE attache une grande importance \u00e0 la protection de vos donn\u00e9es personnelles.<br><br><strong>1. Collecte des donn\u00e9es<br><\/strong>Nous collectons uniquement les donn\u00e9es n\u00e9cessaires \u00e0 la gestion de vos demandes et \u00e0 la communication avec vous, telles que : nom, pr\u00e9nom, adresse e-mail, num\u00e9ro de t\u00e9l\u00e9phone.<br><br><strong>2. Finalit\u00e9 de la collecte<br><\/strong>Les donn\u00e9es sont utilis\u00e9es uniquement pour :<br>&#8211; R\u00e9pondre \u00e0 vos demandes de contact ou d\u2019informations<br><br><strong>3. Conservation des donn\u00e9es<br><\/strong>Les donn\u00e9es sont conserv\u00e9es pendant une dur\u00e9e maximale de <strong>3 ans<\/strong> \u00e0 compter de la derni\u00e8re interaction.<br><br><strong>4. Partage des donn\u00e9es<br><\/strong>Vos donn\u00e9es ne sont <strong>jamais revendues<\/strong> \u00e0 des tiers. Elles peuvent \u00eatre partag\u00e9es uniquement avec les prestataires n\u00e9cessaires au bon fonctionnement du site.<br><br><strong>5. S\u00e9curit\u00e9<br><\/strong>Nous mettons en \u0153uvre des mesures techniques et organisationnelles pour prot\u00e9ger vos donn\u00e9es contre toute perte ou acc\u00e8s non autoris\u00e9.<br><br><strong>6. Vos droits<br><\/strong>Conform\u00e9ment au RGPD, vous disposez d\u2019un droit d\u2019acc\u00e8s, de rectification, d\u2019opposition, de suppression et de portabilit\u00e9 de vos donn\u00e9es.<br>Pour exercer ces droits, vous pouvez nous contacter \u00e0 <strong><a href=\"mailto:mgouit@gmail.com\" data-type=\"mailto\" data-id=\"mailto:mgouit@gmail.com\"><a href=\"mailto:mgouit@gmail.com\">mgouit@gmail.com<\/a><\/a><\/strong>.<\/p>\n<\/div>\n<\/div>\n<\/div><\/div>","protected":false},"excerpt":{"rendered":"<p>GOUIT MARIE LISE attache une grande importance \u00e0 la protection de vos donn\u00e9es personnelles. 1. Collecte des donn\u00e9esNous collectons uniquement [&hellip;]<\/p>","protected":false},"author":4,"featured_media":0,"parent":0,"menu_order":0,"comment_status":"closed","ping_status":"closed","template":"","meta":{"_uag_custom_page_level_css":"","site-sidebar-layout":"default","site-content-layout":"","ast-site-content-layout":"default","site-content-style":"default","site-sidebar-style":"default","ast-global-header-display":"","ast-banner-title-visibility":"","ast-main-header-display":"","ast-hfb-above-header-display":"","ast-hfb-below-header-display":"","ast-hfb-mobile-header-display":"","site-post-title":"disabled","ast-breadcrumbs-content":"","ast-featured-img":"","footer-sml-layout":"","theme-transparent-header-meta":"","adv-header-id-meta":"","stick-header-meta":"","header-above-stick-meta":"","header-main-stick-meta":"","header-below-stick-meta":"","astra-migrate-meta-layouts":"default","ast-page-background-enabled":"default","ast-page-background-meta":{"desktop":{"background-color":"var(--ast-global-color-4)","background-image":"","background-repeat":"repeat","background-position":"center center","background-size":"auto","background-attachment":"scroll","background-type":"","background-media":"","overlay-type":"","overlay-color":"","overlay-opacity":"","overlay-gradient":""},"tablet":{"background-color":"","background-image":"","background-repeat":"repeat","background-position":"center center","background-size":"auto","background-attachment":"scroll","background-type":"","background-media":"","overlay-type":"","overlay-color":"","overlay-opacity":"","overlay-gradient":""},"mobile":{"background-color":"","background-image":"","background-repeat":"repeat","background-position":"center center","background-size":"auto","background-attachment":"scroll","background-type":"","background-media":"","overlay-type":"","overlay-color":"","overlay-opacity":"","overlay-gradient":""}},"ast-content-background-meta":{"desktop":{"background-color":"var(--ast-global-color-5)","background-image":"","background-repeat":"repeat","background-position":"center center","background-size":"auto","background-attachment":"scroll","background-type":"","background-media":"","overlay-type":"","overlay-color":"","overlay-opacity":"","overlay-gradient":""},"tablet":{"background-color":"var(--ast-global-color-5)","background-image":"","background-repeat":"repeat","background-position":"center center","background-size":"auto","background-attachment":"scroll","background-type":"","background-media":"","overlay-type":"","overlay-color":"","overlay-opacity":"","overlay-gradient":""},"mobile":{"background-color":"var(--ast-global-color-5)","background-image":"","background-repeat":"repeat","background-position":"center center","background-size":"auto","background-attachment":"scroll","background-type":"","background-media":"","overlay-type":"","overlay-color":"","overlay-opacity":"","overlay-gradient":""}},"footnotes":""},"class_list":["post-595","page","type-page","status-publish","hentry"],"uagb_featured_image_src":{"full":false,"thumbnail":false,"medium":false,"medium_large":false,"large":false,"1536x1536":false,"2048x2048":false,"trp-custom-language-flag":false},"uagb_author_info":{"display_name":"0othftkjxgmx","author_link":"https:\/\/marielisegouit.com\/it\/author\/0othftkjxgmx\/"},"uagb_comment_info":0,"uagb_excerpt":"GOUIT MARIE LISE attache une grande importance \u00e0 la protection de vos donn\u00e9es personnelles. 1. Collecte des donn\u00e9esNous collectons uniquement [&hellip;]","_links":{"self":[{"href":"https:\/\/marielisegouit.com\/it\/wp-json\/wp\/v2\/pages\/595","targetHints":{"allow":["GET"]}}],"collection":[{"href":"https:\/\/marielisegouit.com\/it\/wp-json\/wp\/v2\/pages"}],"about":[{"href":"https:\/\/marielisegouit.com\/it\/wp-json\/wp\/v2\/types\/page"}],"author":[{"embeddable":true,"href":"https:\/\/marielisegouit.com\/it\/wp-json\/wp\/v2\/users\/4"}],"replies":[{"embeddable":true,"href":"https:\/\/marielisegouit.com\/it\/wp-json\/wp\/v2\/comments?post=595"}],"version-history":[{"count":2,"href":"https:\/\/marielisegouit.com\/it\/wp-json\/wp\/v2\/pages\/595\/revisions"}],"predecessor-version":[{"id":602,"href":"https:\/\/marielisegouit.com\/it\/wp-json\/wp\/v2\/pages\/595\/revisions\/602"}],"wp:attachment":[{"href":"https:\/\/marielisegouit.com\/it\/wp-json\/wp\/v2\/media?parent=595"}],"curies":[{"name":"wp","href":"https:\/\/api.w.org\/{rel}","templated":true}]}}