{"id":491,"date":"2025-10-07T13:28:10","date_gmt":"2025-10-07T13:28:10","guid":{"rendered":"https:\/\/marielisegouit.com\/?page_id=491"},"modified":"2026-02-04T16:42:23","modified_gmt":"2026-02-04T16:42:23","slug":"temoignages-elles-et-ils-partagent-leur-experience","status":"publish","type":"page","link":"https:\/\/marielisegouit.com\/it\/temoignages-elles-et-ils-partagent-leur-experience\/","title":{"rendered":"Testimonianze - Condividono la loro esperienza"},"content":{"rendered":"<div class=\"wp-block-uagb-container uagb-layout-grid uagb-block-61c3fd7a alignfull uagb-is-root-container\"><div class=\"uagb-container__shape uagb-container__shape-bottom uagb-container__invert\" data-negative=\"false\"><svg xmlns=\"https:\/\/www.w3.org\/2000\/svg\" viewbox=\"0 0 1000 100\" preserveaspectratio=\"none\"><path class=\"uagb-container__shape-fill\" d=\"M421.9,6.5c22.6-2.5,51.5,0.4,75.5,5.3c23.6,4.9,70.9,23.5,100.5,35.7c75.8,32.2,133.7,44.5,192.6,49.7  c23.6,2.1,48.7,3.5,103.4-2.5c54.7-6,106.2-25.6,106.2-25.6V0H0v30.3c0,0,72,32.6,158.4,30.5c39.2-0.7,92.8-6.7,134-22.4  c21.2-8.1,52.2-18.2,79.7-24.2C399.3,7.9,411.6,7.5,421.9,6.5z\"><\/path><\/svg><\/div><div class=\"uagb-container-inner-blocks-wrap\">\n<div class=\"wp-block-uagb-info-box uagb-block-3a2b7719 uagb-infobox__content-wrap  uagb-infobox-icon-above-title uagb-infobox-image-valign-top\"><div class=\"uagb-ifb-content\"><div class=\"uagb-ifb-title-wrap\"><h1 class=\"uagb-ifb-title\">Testimonianze - Condividono la loro esperienza<\/h1><\/div><p class=\"uagb-ifb-desc\">Sono profondamente grata a tutte le persone che mi hanno dato fiducia nel loro viaggio verso una maggiore consapevolezza, serenit\u00e0 ed un pi\u00f9 grande equilibrio. Ecco alcuni dei loro commenti.<\/p><\/div><\/div>\n<\/div><\/div>\n\n\n\n<div class=\"wp-block-uagb-container uagb-block-fce5a886 alignfull uagb-is-root-container\"><div class=\"uagb-container-inner-blocks-wrap\">\n<div class=\"wp-block-uagb-container uagb-block-cf0ac3c7\">\n<div class=\"wp-block-uagb-container uagb-layout-grid uagb-block-1ea6688f\">\n<p>Marie-Lise \u00e8 una persona gentile e decisamente preparata. Empatica, attenta ai dettagli e alle necessit\u00e0 di chi ha di fronte. Con Marie-Lise lo yoga nidra \u00e8 rilassante e insieme rigenerante. Mi fa stare bene! Grazie!<br><br><em><strong>Patrizia Panetta<\/strong><\/em><\/p>\n<\/div>\n\n\n\n<div class=\"wp-block-uagb-container uagb-layout-grid uagb-block-799fd1d2\">\n<p>Le sedute con Marie-Lise sono state una svolta per me. Marie-Lise \u00e8 gentile, intuitiva, incredibilmente precisa e ogni sessione mi ha permesso di andare avanti, di liberare dei blocchi e riconnettermi con me stessa. Un'operatrice di ThetaHealing che consiglio vivamente: competente, compassionevole ed eccezionalmente perspicace.<br><br><em><strong>Beatriz Gonzalez<\/strong>, Sofrologa e Theta Healer<\/em><\/p>\n<\/div>\n\n\n\n<div class=\"wp-block-uagb-container uagb-layout-grid uagb-block-07711e78\">\n<p>Marie Lise \u00e8 un'amica speciale e una guida preziosa. Con lei ho intrapreso un viaggio di purificazione e di profondit\u00e0 interiore che mi ha portato a nuove intuizioni e consapevolezze che stanno trasformando la mia vita. La sua dolcezza, la sua capacit\u00e0 di canalizzare l'energia divina e la sua esperienza nel Reiki e nel Theta Healing\u00ae mi stanno accompagnando dolcemente e con forza in un percorso di profonda guarigione. \u00c8 un percorso che sento vivo, in continua evoluzione, e che mi aiuta a riscoprire me stessa sempre pi\u00f9 profondamente. Consiglio vivamente di intraprendere un viaggio con Marie Lise: \u00e8 un dono che pu\u00f2 trasformare la vostra vita.<br><br><em><strong>Chiara Cerboncini<\/strong>, Home Holistic Coach &amp; ideatrice del metodo Costellazioni Familiari della Casa\u00ae Spagna<\/em><\/p>\n<\/div>\n\n\n\n<div class=\"wp-block-uagb-container uagb-layout-grid uagb-block-9ef701df\">\n<p>Ho iniziato un viaggio spirituale con Marie-Lise attraverso il Theta Healing\u00ae qualche tempo fa. Ho sentito immediatamente un risveglio spirituale. Pi\u00f9 sedute facciamo, pi\u00f9 gli aspetti spirituali e delle vite passate mi inondano di energia positiva e di una pace interiore che non avrei mai pensato di provare. Marie-Lise \u00e8 una guida spirituale molto potente. La sua sensibilit\u00e0 e la sua intensa connessione con la persona e la Sorgente le permettono di guidare e sviluppare pienamente il potenziale di ogni persona. Raccomando vivamente Marie-Lise a chiunque voglia intraprendere un viaggio di guarigione spirituale.<br><br><em><strong>Fabio Scorzelli<\/strong><\/em><\/p>\n<\/div>\n\n\n\n<div class=\"wp-block-uagb-container uagb-layout-grid uagb-block-7c86c598\">\n<p>Ho iniziato a praticare yoga in un momento della mia vita in cui sentivo un forte bisogno di prendermi del tempo per me stessa e di ritrovarmi. Fin dal nostro primo incontro, Marie-Lise ha creato uno spazio intimo e sicuro dove ognuno poteva esprimere liberamente le proprie emozioni: con le parole, con il corpo e con l'anima. In modo rapido e preciso, respiro dopo respiro, lo yoga mi aiuta a percepire e ad affrontare la realt\u00e0 con maggiore calma, gentilezza e gratitudine, verso gli altri e verso me stessa.<br><br><em><strong>Camilla Torre<\/strong><\/em><\/p>\n<\/div>\n<\/div>\n<\/div><\/div>","protected":false},"excerpt":{"rendered":"<p>Marie-Lise est une personne bienveillante et tr\u00e8s comp\u00e9tente. Empathique, attentive aux d\u00e9tails et aux besoins des personnes qui se trouvent [&hellip;]<\/p>","protected":false},"author":4,"featured_media":0,"parent":0,"menu_order":0,"comment_status":"closed","ping_status":"closed","template":"","meta":{"_uag_custom_page_level_css":"","site-sidebar-layout":"default","site-content-layout":"","ast-site-content-layout":"default","site-content-style":"default","site-sidebar-style":"default","ast-global-header-display":"","ast-banner-title-visibility":"","ast-main-header-display":"","ast-hfb-above-header-display":"","ast-hfb-below-header-display":"","ast-hfb-mobile-header-display":"","site-post-title":"disabled","ast-breadcrumbs-content":"","ast-featured-img":"","footer-sml-layout":"","theme-transparent-header-meta":"","adv-header-id-meta":"","stick-header-meta":"","header-above-stick-meta":"","header-main-stick-meta":"","header-below-stick-meta":"","astra-migrate-meta-layouts":"default","ast-page-background-enabled":"default","ast-page-background-meta":{"desktop":{"background-color":"var(--ast-global-color-4)","background-image":"","background-repeat":"repeat","background-position":"center center","background-size":"auto","background-attachment":"scroll","background-type":"","background-media":"","overlay-type":"","overlay-color":"","overlay-opacity":"","overlay-gradient":""},"tablet":{"background-color":"","background-image":"","background-repeat":"repeat","background-position":"center center","background-size":"auto","background-attachment":"scroll","background-type":"","background-media":"","overlay-type":"","overlay-color":"","overlay-opacity":"","overlay-gradient":""},"mobile":{"background-color":"","background-image":"","background-repeat":"repeat","background-position":"center center","background-size":"auto","background-attachment":"scroll","background-type":"","background-media":"","overlay-type":"","overlay-color":"","overlay-opacity":"","overlay-gradient":""}},"ast-content-background-meta":{"desktop":{"background-color":"var(--ast-global-color-5)","background-image":"","background-repeat":"repeat","background-position":"center center","background-size":"auto","background-attachment":"scroll","background-type":"","background-media":"","overlay-type":"","overlay-color":"","overlay-opacity":"","overlay-gradient":""},"tablet":{"background-color":"var(--ast-global-color-5)","background-image":"","background-repeat":"repeat","background-position":"center center","background-size":"auto","background-attachment":"scroll","background-type":"","background-media":"","overlay-type":"","overlay-color":"","overlay-opacity":"","overlay-gradient":""},"mobile":{"background-color":"var(--ast-global-color-5)","background-image":"","background-repeat":"repeat","background-position":"center center","background-size":"auto","background-attachment":"scroll","background-type":"","background-media":"","overlay-type":"","overlay-color":"","overlay-opacity":"","overlay-gradient":""}},"footnotes":""},"class_list":["post-491","page","type-page","status-publish","hentry"],"uagb_featured_image_src":{"full":false,"thumbnail":false,"medium":false,"medium_large":false,"large":false,"1536x1536":false,"2048x2048":false,"trp-custom-language-flag":false},"uagb_author_info":{"display_name":"0othftkjxgmx","author_link":"https:\/\/marielisegouit.com\/it\/author\/0othftkjxgmx\/"},"uagb_comment_info":0,"uagb_excerpt":"Marie-Lise est une personne bienveillante et tr\u00e8s comp\u00e9tente. Empathique, attentive aux d\u00e9tails et aux besoins des personnes qui se trouvent [&hellip;]","_links":{"self":[{"href":"https:\/\/marielisegouit.com\/it\/wp-json\/wp\/v2\/pages\/491","targetHints":{"allow":["GET"]}}],"collection":[{"href":"https:\/\/marielisegouit.com\/it\/wp-json\/wp\/v2\/pages"}],"about":[{"href":"https:\/\/marielisegouit.com\/it\/wp-json\/wp\/v2\/types\/page"}],"author":[{"embeddable":true,"href":"https:\/\/marielisegouit.com\/it\/wp-json\/wp\/v2\/users\/4"}],"replies":[{"embeddable":true,"href":"https:\/\/marielisegouit.com\/it\/wp-json\/wp\/v2\/comments?post=491"}],"version-history":[{"count":9,"href":"https:\/\/marielisegouit.com\/it\/wp-json\/wp\/v2\/pages\/491\/revisions"}],"predecessor-version":[{"id":689,"href":"https:\/\/marielisegouit.com\/it\/wp-json\/wp\/v2\/pages\/491\/revisions\/689"}],"wp:attachment":[{"href":"https:\/\/marielisegouit.com\/it\/wp-json\/wp\/v2\/media?parent=491"}],"curies":[{"name":"wp","href":"https:\/\/api.w.org\/{rel}","templated":true}]}}