{"id":447,"date":"2025-10-05T16:24:11","date_gmt":"2025-10-05T16:24:11","guid":{"rendered":"https:\/\/marielisegouit.com\/?page_id=447"},"modified":"2025-11-22T17:09:34","modified_gmt":"2025-11-22T17:09:34","slug":"reiki-usui-lenergie-universelle-de-guerison","status":"publish","type":"page","link":"https:\/\/marielisegouit.com\/it\/reiki-usui-lenergie-universelle-de-guerison\/","title":{"rendered":"Reiki Usui \u2013 L\u2019energia universale di guarigione"},"content":{"rendered":"<div class=\"wp-block-uagb-container uagb-layout-grid uagb-block-61c3fd7a alignfull uagb-is-root-container\"><div class=\"uagb-container__shape uagb-container__shape-bottom uagb-container__invert\" data-negative=\"false\"><svg xmlns=\"https:\/\/www.w3.org\/2000\/svg\" viewbox=\"0 0 1000 100\" preserveaspectratio=\"none\"><path class=\"uagb-container__shape-fill\" d=\"M421.9,6.5c22.6-2.5,51.5,0.4,75.5,5.3c23.6,4.9,70.9,23.5,100.5,35.7c75.8,32.2,133.7,44.5,192.6,49.7  c23.6,2.1,48.7,3.5,103.4-2.5c54.7-6,106.2-25.6,106.2-25.6V0H0v30.3c0,0,72,32.6,158.4,30.5c39.2-0.7,92.8-6.7,134-22.4  c21.2-8.1,52.2-18.2,79.7-24.2C399.3,7.9,411.6,7.5,421.9,6.5z\"><\/path><\/svg><\/div><div class=\"uagb-container-inner-blocks-wrap\">\n<div class=\"wp-block-uagb-info-box uagb-block-3a2b7719 uagb-infobox__content-wrap  uagb-infobox-icon-above-title uagb-infobox-image-valign-top\"><div class=\"uagb-ifb-content\"><div class=\"uagb-ifb-title-wrap\"><h1 class=\"uagb-ifb-title\">Reiki Usui \u2013 L\u2019energia universale di guarigione<\/h1><\/div><p class=\"uagb-ifb-desc\">\u00ab L\u2019universo sono io e io sono l\u2019universo. L\u2019universo esiste in me e io esisto nell\u2019universo. La luce esiste in me e io esisto nella luce. \u00bb<br><em>Mikao Usui Sensei<\/em><\/p><\/div><\/div>\n<\/div><\/div>\n\n\n\n<div class=\"wp-block-uagb-container uagb-layout-grid uagb-block-cdd4f596 alignfull uagb-is-root-container\"><div class=\"uagb-container-inner-blocks-wrap\">\n<div class=\"wp-block-uagb-info-box uagb-block-a32a663f uagb-infobox__content-wrap  uagb-infobox-icon-above-title uagb-infobox-image-valign-top wp-block-uagb-info-box--has-margin\"><div class=\"uagb-infobox-margin-wrapper\"><div class=\"uagb-ifb-content\"><div class=\"uagb-ifb-title-wrap\"><h2 class=\"uagb-ifb-title\">La dolcezza curativa del Reiki Usui<\/h2><\/div><p class=\"uagb-ifb-desc\">La dolcezza curativa del Reiki Usui mi ha conquistata ormai da molti anni.<br>Questa tecnica giapponese di guarigione energetica \u00e8 stata codificata e diffusa dal Maestro Mikao Usui nel XX secolo, ma si basa su pratiche millenarie.<br>Si tratta di una canalizzazione e di una trasmissione dell\u2019energia universale di guarigione attraverso le mani del praticante.<br>L\u2019energia dolce e luminosa del Reiki offre numerosi benefici a livello fisico, psichico, emotivo e spirituale.<br>Permette in particolare di:<\/p><\/div><\/div><\/div>\n\n\n\n<ul class=\"wp-block-list\">\n<li>rigenerare il corpo;<\/li>\n\n\n\n<li>alleviare dolori e tensioni;<\/li>\n\n\n\n<li>eliminare le tossine;<\/li>\n\n\n\n<li>sostenere i processi di guarigione e di auto-guarigione;<\/li>\n\n\n\n<li>ridurre lo stress;<\/li>\n\n\n\n<li>liberare i blocchi psichici ed emotivi;<\/li>\n\n\n\n<li>sviluppare la calma interiore;<\/li>\n\n\n\n<li>favorire la crescita spirituale.<\/li>\n<\/ul>\n<\/div><\/div>\n\n\n\n<div class=\"wp-block-uagb-container uagb-layout-grid uagb-block-df8fd3d2 alignfull uagb-is-root-container\"><div class=\"uagb-container__shape uagb-container__shape-top\"><svg xmlns=\"https:\/\/www.w3.org\/2000\/svg\" viewbox=\"0 0 1000 100\" preserveaspectratio=\"none\"><path class=\"uagb-container__shape-fill\" d=\"M421.9,6.5c22.6-2.5,51.5,0.4,75.5,5.3c23.6,4.9,70.9,23.5,100.5,35.7c75.8,32.2,133.7,44.5,192.6,49.7  c23.6,2.1,48.7,3.5,103.4-2.5c54.7-6,106.2-25.6,106.2-25.6V0H0v30.3c0,0,72,32.6,158.4,30.5c39.2-0.7,92.8-6.7,134-22.4  c21.2-8.1,52.2-18.2,79.7-24.2C399.3,7.9,411.6,7.5,421.9,6.5z\"><\/path><\/svg><\/div><div class=\"uagb-container__shape uagb-container__shape-bottom uagb-container__invert\" data-negative=\"false\"><svg xmlns=\"https:\/\/www.w3.org\/2000\/svg\" viewbox=\"0 0 1000 100\" preserveaspectratio=\"none\"><path class=\"uagb-container__shape-fill\" d=\"M421.9,6.5c22.6-2.5,51.5,0.4,75.5,5.3c23.6,4.9,70.9,23.5,100.5,35.7c75.8,32.2,133.7,44.5,192.6,49.7  c23.6,2.1,48.7,3.5,103.4-2.5c54.7-6,106.2-25.6,106.2-25.6V0H0v30.3c0,0,72,32.6,158.4,30.5c39.2-0.7,92.8-6.7,134-22.4  c21.2-8.1,52.2-18.2,79.7-24.2C399.3,7.9,411.6,7.5,421.9,6.5z\"><\/path><\/svg><\/div><div class=\"uagb-container-inner-blocks-wrap\">\n<div class=\"wp-block-uagb-container uagb-layout-grid uagb-block-ab7d4315\">\n<div class=\"wp-block-uagb-container uagb-block-1c333930\">\n<div class=\"wp-block-uagb-info-box uagb-block-96a72aab uagb-infobox__content-wrap  uagb-infobox-icon-above-title uagb-infobox-image-valign-top wp-block-uagb-info-box--has-margin\"><div class=\"uagb-infobox-margin-wrapper\"><div class=\"uagb-ifb-content\"><div class=\"uagb-ifb-title-wrap\"><h2 class=\"uagb-ifb-title\">Il mio percorso con il Reiki<\/h2><\/div><p class=\"uagb-ifb-desc\">Il Reiki \u00e8 arrivato come un dono nella mia vita nel 2017, anno in cui sono stata iniziata al primo e poi al secondo livello.<br>Ho cos\u00ec integrato la pratica del Reiki nella mia vita quotidiana per diversi anni, fino al giorno in cui l\u2019esistenza mi ha spinta ad andare avanti, proseguendo il cammino con il terzo e poi con il quarto livello, quello di Maestra-Insegnante Reiki, nel 2023, sotto la guida di Fanny Caufriez e Marie-Christine Lefebvre.<br><br>Oggi \u00e8 per me un grande onore poter proporre sedute di trattamento e iniziazioni ai diversi livelli, in modalit\u00e0 individuale o di gruppo a seconda delle necessit\u00e0.<br>Ricevere e praticare il Reiki \u00e8 un dono fatto a se stessi e agli altri.<\/p><\/div><\/div><\/div>\n<\/div>\n\n\n\n<div class=\"wp-block-uagb-image uagb-block-25dcd3f7 wp-block-uagb-image--layout-default wp-block-uagb-image--effect-static wp-block-uagb-image--align-none\"><figure class=\"wp-block-uagb-image__figure\"><img decoding=\"async\" srcset=\"https:\/\/marielisegouit.com\/wp-content\/uploads\/2025\/10\/marie-lise-gouit_media_8-1024x681.webp ,https:\/\/marielisegouit.com\/wp-content\/uploads\/2025\/10\/marie-lise-gouit_accueil_9.webp 780w, https:\/\/marielisegouit.com\/wp-content\/uploads\/2025\/10\/marie-lise-gouit_accueil_9.webp 360w\" sizes=\"auto, (max-width: 480px) 150px\" src=\"https:\/\/marielisegouit.com\/wp-content\/uploads\/2025\/10\/marie-lise-gouit_media_8-1024x681.webp\" alt=\"Marie Lise Gouit Media 8 1024x681\" class=\"uag-image-524\" width=\"600\" height=\"400\" title=\"Reiki Usui - L\u2019\u00e9nergie universelle de gu\u00e9rison\" loading=\"lazy\" role=\"img\"><\/figure><\/div>\n<\/div>\n<\/div><\/div>\n\n\n\n<div class=\"wp-block-uagb-container uagb-layout-grid uagb-block-ba2c411f alignfull uagb-is-root-container\"><div class=\"uagb-container-inner-blocks-wrap\">\n<div class=\"wp-block-uagb-info-box uagb-block-ce61a29d uagb-infobox__content-wrap  uagb-infobox-icon-above-title uagb-infobox-image-valign-top wp-block-uagb-info-box--has-margin\"><div class=\"uagb-infobox-margin-wrapper\"><div class=\"uagb-ifb-content\"><div class=\"uagb-ifb-title-wrap\"><h2 class=\"uagb-ifb-title\">I cinque grandi principi del Reiki \u2013 I Gokai<\/h2><\/div><p class=\"uagb-ifb-desc\">\u00ab Solo per oggi:<br>Elimina la preoccupazione dalla tua vita<br>Elimina la rabbia dalla tua vita<br>Sii riconoscente<br>Lavora con sincerit\u00e0 su te stesso<br>Sii gentile verso gli altri e verso ogni forma di vita \u00bb<\/p><\/div><\/div><\/div>\n\n\n\n<div class=\"wp-block-uagb-container uagb-block-484a010a\">\n<p><strong>Seduta individuale di 1 ora: 50 \u20ac<\/strong><br>Possibilit\u00e0 di creare un percorso che comprenda pi\u00f9 sedute.<br>Contattami per maggiori informazioni.<br><br><strong>Iniziazione individuale o in piccoli gruppi ai livelli 1, 2 e 3.<br><\/strong>Modalit\u00e0 possibile online o in presenza.<br>Contattami per maggiori informazioni.<\/p>\n<\/div>\n<\/div><\/div>\n\n\n\n<div class=\"wp-block-uagb-container uagb-block-d7b60fd6 alignfull uagb-is-root-container\"><div class=\"uagb-container-inner-blocks-wrap\">\n<div class=\"wp-block-uagb-info-box uagb-block-6fdc34d4 uagb-infobox__content-wrap  uagb-infobox-icon-above-title uagb-infobox-image-valign-top\"><div class=\"uagb-ifb-content\"><div class=\"uagb-ifb-title-wrap\"><h2 class=\"uagb-ifb-title\">Fai il primo passo verso una maggiore Armonia<\/h2><\/div><p class=\"uagb-ifb-desc\">Ti invito a navigare in questo sito, a scoprire le mie pratiche e a contattarmi per saperne di pi\u00f9 o per prenotare una seduta. Insieme, apriamo la strada verso una vita pi\u00f9 allineata e serena.<\/p><div class=\"uagb-ifb-button-wrapper wp-block-button\"><a href=\"https:\/\/marielisegouit.com\/it\/contact-marie-lise-gouit\/\" class=\"uagb-infobox-cta-link wp-block-button__link\" target=\"_self\" rel=\"noopener noreferrer\" onclick=\"return true;\"><span class=\"uagb-inline-editing\">Contatti<\/span><\/a><\/div><\/div><\/div>\n<\/div><\/div>","protected":false},"excerpt":{"rendered":"<p>S\u00e9ance de soin individuelle d\u20191h : 50 \u20acPossibilit\u00e9 de mettre en place un parcours comprenant plusieurs s\u00e9ances.Contactez-moi pour plus d\u2019informations. [&hellip;]<\/p>","protected":false},"author":4,"featured_media":0,"parent":0,"menu_order":0,"comment_status":"closed","ping_status":"closed","template":"","meta":{"_uag_custom_page_level_css":"","site-sidebar-layout":"default","site-content-layout":"","ast-site-content-layout":"default","site-content-style":"default","site-sidebar-style":"default","ast-global-header-display":"","ast-banner-title-visibility":"","ast-main-header-display":"","ast-hfb-above-header-display":"","ast-hfb-below-header-display":"","ast-hfb-mobile-header-display":"","site-post-title":"disabled","ast-breadcrumbs-content":"","ast-featured-img":"","footer-sml-layout":"","theme-transparent-header-meta":"","adv-header-id-meta":"","stick-header-meta":"","header-above-stick-meta":"","header-main-stick-meta":"","header-below-stick-meta":"","astra-migrate-meta-layouts":"default","ast-page-background-enabled":"default","ast-page-background-meta":{"desktop":{"background-color":"var(--ast-global-color-4)","background-image":"","background-repeat":"repeat","background-position":"center center","background-size":"auto","background-attachment":"scroll","background-type":"","background-media":"","overlay-type":"","overlay-color":"","overlay-opacity":"","overlay-gradient":""},"tablet":{"background-color":"","background-image":"","background-repeat":"repeat","background-position":"center center","background-size":"auto","background-attachment":"scroll","background-type":"","background-media":"","overlay-type":"","overlay-color":"","overlay-opacity":"","overlay-gradient":""},"mobile":{"background-color":"","background-image":"","background-repeat":"repeat","background-position":"center center","background-size":"auto","background-attachment":"scroll","background-type":"","background-media":"","overlay-type":"","overlay-color":"","overlay-opacity":"","overlay-gradient":""}},"ast-content-background-meta":{"desktop":{"background-color":"var(--ast-global-color-5)","background-image":"","background-repeat":"repeat","background-position":"center center","background-size":"auto","background-attachment":"scroll","background-type":"","background-media":"","overlay-type":"","overlay-color":"","overlay-opacity":"","overlay-gradient":""},"tablet":{"background-color":"var(--ast-global-color-5)","background-image":"","background-repeat":"repeat","background-position":"center center","background-size":"auto","background-attachment":"scroll","background-type":"","background-media":"","overlay-type":"","overlay-color":"","overlay-opacity":"","overlay-gradient":""},"mobile":{"background-color":"var(--ast-global-color-5)","background-image":"","background-repeat":"repeat","background-position":"center center","background-size":"auto","background-attachment":"scroll","background-type":"","background-media":"","overlay-type":"","overlay-color":"","overlay-opacity":"","overlay-gradient":""}},"footnotes":""},"class_list":["post-447","page","type-page","status-publish","hentry"],"uagb_featured_image_src":{"full":false,"thumbnail":false,"medium":false,"medium_large":false,"large":false,"1536x1536":false,"2048x2048":false,"trp-custom-language-flag":false},"uagb_author_info":{"display_name":"0othftkjxgmx","author_link":"https:\/\/marielisegouit.com\/it\/author\/0othftkjxgmx\/"},"uagb_comment_info":0,"uagb_excerpt":"S\u00e9ance de soin individuelle d\u20191h : 50 \u20acPossibilit\u00e9 de mettre en place un parcours comprenant plusieurs s\u00e9ances.Contactez-moi pour plus d\u2019informations. [&hellip;]","_links":{"self":[{"href":"https:\/\/marielisegouit.com\/it\/wp-json\/wp\/v2\/pages\/447","targetHints":{"allow":["GET"]}}],"collection":[{"href":"https:\/\/marielisegouit.com\/it\/wp-json\/wp\/v2\/pages"}],"about":[{"href":"https:\/\/marielisegouit.com\/it\/wp-json\/wp\/v2\/types\/page"}],"author":[{"embeddable":true,"href":"https:\/\/marielisegouit.com\/it\/wp-json\/wp\/v2\/users\/4"}],"replies":[{"embeddable":true,"href":"https:\/\/marielisegouit.com\/it\/wp-json\/wp\/v2\/comments?post=447"}],"version-history":[{"count":8,"href":"https:\/\/marielisegouit.com\/it\/wp-json\/wp\/v2\/pages\/447\/revisions"}],"predecessor-version":[{"id":627,"href":"https:\/\/marielisegouit.com\/it\/wp-json\/wp\/v2\/pages\/447\/revisions\/627"}],"wp:attachment":[{"href":"https:\/\/marielisegouit.com\/it\/wp-json\/wp\/v2\/media?parent=447"}],"curies":[{"name":"wp","href":"https:\/\/api.w.org\/{rel}","templated":true}]}}