{"id":444,"date":"2025-10-05T16:14:03","date_gmt":"2025-10-05T16:14:03","guid":{"rendered":"https:\/\/marielisegouit.com\/?page_id=444"},"modified":"2025-11-22T17:09:05","modified_gmt":"2025-11-22T17:09:05","slug":"ayurveda-science-ancestrale-de-lharmonie-et-de-la-sante","status":"publish","type":"page","link":"https:\/\/marielisegouit.com\/it\/ayurveda-science-ancestrale-de-lharmonie-et-de-la-sante\/","title":{"rendered":"Ayurveda \u2013 Scienza ancestrale dell\u2019armonia e della salute"},"content":{"rendered":"<div class=\"wp-block-uagb-container uagb-layout-grid uagb-block-61c3fd7a alignfull uagb-is-root-container\"><div class=\"uagb-container__shape uagb-container__shape-bottom uagb-container__invert\" data-negative=\"false\"><svg xmlns=\"https:\/\/www.w3.org\/2000\/svg\" viewbox=\"0 0 1000 100\" preserveaspectratio=\"none\"><path class=\"uagb-container__shape-fill\" d=\"M421.9,6.5c22.6-2.5,51.5,0.4,75.5,5.3c23.6,4.9,70.9,23.5,100.5,35.7c75.8,32.2,133.7,44.5,192.6,49.7  c23.6,2.1,48.7,3.5,103.4-2.5c54.7-6,106.2-25.6,106.2-25.6V0H0v30.3c0,0,72,32.6,158.4,30.5c39.2-0.7,92.8-6.7,134-22.4  c21.2-8.1,52.2-18.2,79.7-24.2C399.3,7.9,411.6,7.5,421.9,6.5z\"><\/path><\/svg><\/div><div class=\"uagb-container-inner-blocks-wrap\">\n<div class=\"wp-block-uagb-info-box uagb-block-3a2b7719 uagb-infobox__content-wrap  uagb-infobox-icon-above-title uagb-infobox-image-valign-top\"><div class=\"uagb-ifb-content\"><div class=\"uagb-ifb-title-wrap\"><h1 class=\"uagb-ifb-title\">Ayurveda \u2013 Scienza ancestrale dell\u2019armonia e della salute<\/h1><\/div><p class=\"uagb-ifb-desc\">\u00ab L\u2019Ayurveda racchiude i segreti che permettono non solo di curare gli individui ma anche di migliorare la societ\u00e0,<br>l\u2019insieme delle creature viventi e tutto il pianeta. \u00bb<br><em>David Frawley<\/em><\/p><\/div><\/div>\n<\/div><\/div>\n\n\n\n<div class=\"wp-block-uagb-container uagb-layout-grid uagb-block-cdd4f596 alignfull uagb-is-root-container\"><div class=\"uagb-container-inner-blocks-wrap\">\n<div class=\"wp-block-uagb-container uagb-layout-grid uagb-block-0b254e6f\">\n<div class=\"wp-block-uagb-container uagb-block-5f1a849e\">\n<div class=\"wp-block-uagb-info-box uagb-block-d8528797 uagb-infobox__content-wrap  uagb-infobox-icon-above-title uagb-infobox-image-valign-top wp-block-uagb-info-box--has-margin\"><div class=\"uagb-infobox-margin-wrapper\"><div class=\"uagb-ifb-content\"><div class=\"uagb-ifb-title-wrap\"><h2 class=\"uagb-ifb-title\">L\u2019Ayurveda, una saggezza millenaria<\/h2><\/div><p class=\"uagb-ifb-desc\">L\u2019Ayurveda \u00e8 un sistema medico olistico nato in India pi\u00f9 di 5.000 anni fa.<br>Questa scienza \u00e8 una sorella dello Yoga, con il quale lavora mano nella mano per guidare l\u2019essere umano verso un perfetto stato di salute fisica, mentale, emotiva e spirituale.<br>Offre le chiavi per permettere a ciascuno di avanzare verso la realizzazione del S\u00e9 in armonia con il mondo vivente.<\/p><\/div><\/div><\/div>\n<\/div>\n\n\n\n<div class=\"wp-block-uagb-image uagb-block-da33627c wp-block-uagb-image--layout-default wp-block-uagb-image--effect-static wp-block-uagb-image--align-none\"><figure class=\"wp-block-uagb-image__figure\"><img decoding=\"async\" srcset=\"https:\/\/marielisegouit.com\/wp-content\/uploads\/2025\/10\/marie-lise-gouit_media_13-681x1024.webp ,https:\/\/marielisegouit.com\/wp-content\/uploads\/2025\/10\/marie-lise-gouit_ayurveda-science-ancestrale-de-lharmonie-et-de-la-sante.webp 780w, https:\/\/marielisegouit.com\/wp-content\/uploads\/2025\/10\/marie-lise-gouit_ayurveda-science-ancestrale-de-lharmonie-et-de-la-sante.webp 360w\" sizes=\"auto, (max-width: 480px) 150px\" src=\"https:\/\/marielisegouit.com\/wp-content\/uploads\/2025\/10\/marie-lise-gouit_media_13-681x1024.webp\" alt=\"image Marie-Lise Gouit page ayurveda science ancestrale de lharmonie et de la sante\" class=\"uag-image-539\" width=\"600\" height=\"400\" title=\"Ayurv\u00e9da - Science ancestrale de l\u2019harmonie et de la sant\u00e9\" loading=\"lazy\" role=\"img\"><\/figure><\/div>\n<\/div>\n<\/div><\/div>\n\n\n\n<div class=\"wp-block-uagb-container uagb-layout-grid uagb-block-df8fd3d2 alignfull uagb-is-root-container\"><div class=\"uagb-container__shape uagb-container__shape-top\"><svg xmlns=\"https:\/\/www.w3.org\/2000\/svg\" viewbox=\"0 0 1000 100\" preserveaspectratio=\"none\"><path class=\"uagb-container__shape-fill\" d=\"M421.9,6.5c22.6-2.5,51.5,0.4,75.5,5.3c23.6,4.9,70.9,23.5,100.5,35.7c75.8,32.2,133.7,44.5,192.6,49.7  c23.6,2.1,48.7,3.5,103.4-2.5c54.7-6,106.2-25.6,106.2-25.6V0H0v30.3c0,0,72,32.6,158.4,30.5c39.2-0.7,92.8-6.7,134-22.4  c21.2-8.1,52.2-18.2,79.7-24.2C399.3,7.9,411.6,7.5,421.9,6.5z\"><\/path><\/svg><\/div><div class=\"uagb-container__shape uagb-container__shape-bottom uagb-container__invert\" data-negative=\"false\"><svg xmlns=\"https:\/\/www.w3.org\/2000\/svg\" viewbox=\"0 0 1000 100\" preserveaspectratio=\"none\"><path class=\"uagb-container__shape-fill\" d=\"M421.9,6.5c22.6-2.5,51.5,0.4,75.5,5.3c23.6,4.9,70.9,23.5,100.5,35.7c75.8,32.2,133.7,44.5,192.6,49.7  c23.6,2.1,48.7,3.5,103.4-2.5c54.7-6,106.2-25.6,106.2-25.6V0H0v30.3c0,0,72,32.6,158.4,30.5c39.2-0.7,92.8-6.7,134-22.4  c21.2-8.1,52.2-18.2,79.7-24.2C399.3,7.9,411.6,7.5,421.9,6.5z\"><\/path><\/svg><\/div><div class=\"uagb-container-inner-blocks-wrap\">\n<div class=\"wp-block-uagb-info-box uagb-block-a32a663f uagb-infobox__content-wrap  uagb-infobox-icon-above-title uagb-infobox-image-valign-top wp-block-uagb-info-box--has-margin\"><div class=\"uagb-infobox-margin-wrapper\"><div class=\"uagb-ifb-content\"><div class=\"uagb-ifb-title-wrap\"><h2 class=\"uagb-ifb-title\">I fondamenti energetici dell\u2019Ayurveda<\/h2><\/div><p class=\"uagb-ifb-desc\">L\u2019Ayurveda si basa sul funzionamento energetico dell\u2019esistenza, in particolare sull\u2019equilibrio tra i cinque elementi che costituiscono ogni cosa: la Terra, l\u2019Acqua, il Fuoco, l\u2019Aria e l\u2019Etere.<br>Questi elementi si combinano per creare le tre grandi costituzioni ayurvediche, chiamate dosha: Vata, Pitta e Kapha, che si ritrovano in ogni cosa.<br><br>Ogni essere umano possiede una costituzione ayurvedica unica, una combinazione sottile di energie che influenza il suo modo di vivere.<br>Quando questa costituzione originaria \u00e8 squilibrata dagli imprevisti della vita o da scelte che non corrispondono alla nostra natura profonda, possono manifestarsi disturbi a livello fisico, psichico, emotivo o spirituale.<br><br>Conoscere la propria costituzione di nascita e i propri squilibri \u00e8 quindi un\u2019informazione essenziale per ritrovare il benessere e imparare a vivere in modo pi\u00f9 armonioso e sereno.<\/p><\/div><\/div><\/div>\n<\/div><\/div>\n\n\n\n<div class=\"wp-block-uagb-container uagb-layout-grid uagb-block-ba2c411f alignfull uagb-is-root-container\"><div class=\"uagb-container-inner-blocks-wrap\">\n<div class=\"wp-block-uagb-info-box uagb-block-ce61a29d uagb-infobox__content-wrap  uagb-infobox-icon-above-title uagb-infobox-image-valign-top wp-block-uagb-info-box--has-margin\"><div class=\"uagb-infobox-margin-wrapper\"><div class=\"uagb-ifb-content\"><div class=\"uagb-ifb-title-wrap\"><h2 class=\"uagb-ifb-title\">Il mio accompagnamento ayurvedico<\/h2><\/div><p class=\"uagb-ifb-desc\">Interessandomi all\u2019Ayurveda da diversi anni e avendo io stessa beneficiato dei suoi potenti effetti sulla mia salute, mi sono formata con Yannick Reulier per poter offrire due sedute personalizzate di circa 1 ora e 30 minuti per:<\/p><\/div><\/div><\/div>\n\n\n\n<ul class=\"wp-block-list\">\n<li>definire insieme la tua costituzione ayurvedica;<\/li>\n\n\n\n<li>comprendere i tuoi squilibri;<\/li>\n\n\n\n<li class=\"translation-block\">proporti consigli personalizzati per ritrovare l\u2019equilibrio e migliorare la qualit\u00e0 della tua vita.<\/li>\n<\/ul>\n\n\n\n<div class=\"wp-block-uagb-container uagb-block-484a010a\">\n<p><strong>Due sedute di 1 ora e 30 minuti per conoscerti meglio e imparare a ritrovare l\u2019armonia: 120 \u20ac<\/strong><br>Sentiti libero di contattarmi per maggiori informazioni.<\/p>\n<\/div>\n<\/div><\/div>\n\n\n\n<div class=\"wp-block-uagb-container uagb-block-d7b60fd6 alignfull uagb-is-root-container\"><div class=\"uagb-container-inner-blocks-wrap\">\n<div class=\"wp-block-uagb-info-box uagb-block-6fdc34d4 uagb-infobox__content-wrap  uagb-infobox-icon-above-title uagb-infobox-image-valign-top\"><div class=\"uagb-ifb-content\"><div class=\"uagb-ifb-title-wrap\"><h2 class=\"uagb-ifb-title\">Fai il primo passo verso una maggiore Armonia<\/h2><\/div><p class=\"uagb-ifb-desc\">Ti invito a navigare in questo sito, a scoprire le mie pratiche e a contattarmi per saperne di pi\u00f9 o per prenotare una seduta. Insieme, apriamo la strada verso una vita pi\u00f9 allineata e serena.<\/p><div class=\"uagb-ifb-button-wrapper wp-block-button\"><a href=\"https:\/\/marielisegouit.com\/it\/contact-marie-lise-gouit\/\" class=\"uagb-infobox-cta-link wp-block-button__link\" target=\"_self\" rel=\"noopener noreferrer\" onclick=\"return true;\"><span class=\"uagb-inline-editing\">Contatti<\/span><\/a><\/div><\/div><\/div>\n<\/div><\/div>","protected":false},"excerpt":{"rendered":"<p>Deux s\u00e9ances d\u20191h30 pour mieux vous conna\u00eetre et apprendre \u00e0 retrouver l\u2019harmonie : 120 \u20acSentez-vous libres de me contacter pour [&hellip;]<\/p>","protected":false},"author":4,"featured_media":0,"parent":0,"menu_order":0,"comment_status":"closed","ping_status":"closed","template":"","meta":{"_uag_custom_page_level_css":"","site-sidebar-layout":"default","site-content-layout":"","ast-site-content-layout":"default","site-content-style":"default","site-sidebar-style":"default","ast-global-header-display":"","ast-banner-title-visibility":"","ast-main-header-display":"","ast-hfb-above-header-display":"","ast-hfb-below-header-display":"","ast-hfb-mobile-header-display":"","site-post-title":"disabled","ast-breadcrumbs-content":"","ast-featured-img":"","footer-sml-layout":"","theme-transparent-header-meta":"","adv-header-id-meta":"","stick-header-meta":"","header-above-stick-meta":"","header-main-stick-meta":"","header-below-stick-meta":"","astra-migrate-meta-layouts":"default","ast-page-background-enabled":"default","ast-page-background-meta":{"desktop":{"background-color":"var(--ast-global-color-4)","background-image":"","background-repeat":"repeat","background-position":"center center","background-size":"auto","background-attachment":"scroll","background-type":"","background-media":"","overlay-type":"","overlay-color":"","overlay-opacity":"","overlay-gradient":""},"tablet":{"background-color":"","background-image":"","background-repeat":"repeat","background-position":"center center","background-size":"auto","background-attachment":"scroll","background-type":"","background-media":"","overlay-type":"","overlay-color":"","overlay-opacity":"","overlay-gradient":""},"mobile":{"background-color":"","background-image":"","background-repeat":"repeat","background-position":"center center","background-size":"auto","background-attachment":"scroll","background-type":"","background-media":"","overlay-type":"","overlay-color":"","overlay-opacity":"","overlay-gradient":""}},"ast-content-background-meta":{"desktop":{"background-color":"var(--ast-global-color-5)","background-image":"","background-repeat":"repeat","background-position":"center center","background-size":"auto","background-attachment":"scroll","background-type":"","background-media":"","overlay-type":"","overlay-color":"","overlay-opacity":"","overlay-gradient":""},"tablet":{"background-color":"var(--ast-global-color-5)","background-image":"","background-repeat":"repeat","background-position":"center center","background-size":"auto","background-attachment":"scroll","background-type":"","background-media":"","overlay-type":"","overlay-color":"","overlay-opacity":"","overlay-gradient":""},"mobile":{"background-color":"var(--ast-global-color-5)","background-image":"","background-repeat":"repeat","background-position":"center center","background-size":"auto","background-attachment":"scroll","background-type":"","background-media":"","overlay-type":"","overlay-color":"","overlay-opacity":"","overlay-gradient":""}},"footnotes":""},"class_list":["post-444","page","type-page","status-publish","hentry"],"uagb_featured_image_src":{"full":false,"thumbnail":false,"medium":false,"medium_large":false,"large":false,"1536x1536":false,"2048x2048":false,"trp-custom-language-flag":false},"uagb_author_info":{"display_name":"0othftkjxgmx","author_link":"https:\/\/marielisegouit.com\/it\/author\/0othftkjxgmx\/"},"uagb_comment_info":0,"uagb_excerpt":"Deux s\u00e9ances d\u20191h30 pour mieux vous conna\u00eetre et apprendre \u00e0 retrouver l\u2019harmonie : 120 \u20acSentez-vous libres de me contacter pour [&hellip;]","_links":{"self":[{"href":"https:\/\/marielisegouit.com\/it\/wp-json\/wp\/v2\/pages\/444","targetHints":{"allow":["GET"]}}],"collection":[{"href":"https:\/\/marielisegouit.com\/it\/wp-json\/wp\/v2\/pages"}],"about":[{"href":"https:\/\/marielisegouit.com\/it\/wp-json\/wp\/v2\/types\/page"}],"author":[{"embeddable":true,"href":"https:\/\/marielisegouit.com\/it\/wp-json\/wp\/v2\/users\/4"}],"replies":[{"embeddable":true,"href":"https:\/\/marielisegouit.com\/it\/wp-json\/wp\/v2\/comments?post=444"}],"version-history":[{"count":7,"href":"https:\/\/marielisegouit.com\/it\/wp-json\/wp\/v2\/pages\/444\/revisions"}],"predecessor-version":[{"id":626,"href":"https:\/\/marielisegouit.com\/it\/wp-json\/wp\/v2\/pages\/444\/revisions\/626"}],"wp:attachment":[{"href":"https:\/\/marielisegouit.com\/it\/wp-json\/wp\/v2\/media?parent=444"}],"curies":[{"name":"wp","href":"https:\/\/api.w.org\/{rel}","templated":true}]}}