{"id":433,"date":"2025-10-05T14:43:18","date_gmt":"2025-10-05T14:43:18","guid":{"rendered":"https:\/\/marielisegouit.com\/?page_id=433"},"modified":"2025-11-22T17:09:53","modified_gmt":"2025-11-22T17:09:53","slug":"yoga-une-pratique-pour-le-corps-le-coeur-et-lesprit","status":"publish","type":"page","link":"https:\/\/marielisegouit.com\/it\/yoga-une-pratique-pour-le-corps-le-coeur-et-lesprit\/","title":{"rendered":"Yoga \u2013 Una pratica per il corpo, il cuore e la mente"},"content":{"rendered":"<div class=\"wp-block-uagb-container uagb-layout-grid uagb-block-61c3fd7a alignfull uagb-is-root-container\"><div class=\"uagb-container__shape uagb-container__shape-bottom uagb-container__invert\" data-negative=\"false\"><svg xmlns=\"https:\/\/www.w3.org\/2000\/svg\" viewbox=\"0 0 1000 100\" preserveaspectratio=\"none\"><path class=\"uagb-container__shape-fill\" d=\"M421.9,6.5c22.6-2.5,51.5,0.4,75.5,5.3c23.6,4.9,70.9,23.5,100.5,35.7c75.8,32.2,133.7,44.5,192.6,49.7  c23.6,2.1,48.7,3.5,103.4-2.5c54.7-6,106.2-25.6,106.2-25.6V0H0v30.3c0,0,72,32.6,158.4,30.5c39.2-0.7,92.8-6.7,134-22.4  c21.2-8.1,52.2-18.2,79.7-24.2C399.3,7.9,411.6,7.5,421.9,6.5z\"><\/path><\/svg><\/div><div class=\"uagb-container-inner-blocks-wrap\">\n<div class=\"wp-block-uagb-info-box uagb-block-3a2b7719 uagb-infobox__content-wrap  uagb-infobox-icon-above-title uagb-infobox-image-valign-top\"><div class=\"uagb-ifb-content\"><div class=\"uagb-ifb-title-wrap\"><h1 class=\"uagb-ifb-title\">Yoga \u2013 Una pratica per il corpo, il cuore e la mente<\/h1><\/div><p class=\"uagb-ifb-desc\">\u00ab Practice and all is coming. \u00bb \u2013 \u00ab Pratica e tutto verr\u00e0. \u00bb<br><em>Sri K. Patthabi Joice<\/em><\/p><\/div><\/div>\n<\/div><\/div>\n\n\n\n<div class=\"wp-block-uagb-container uagb-layout-grid uagb-block-534098e1 alignfull uagb-is-root-container\"><div class=\"uagb-container-inner-blocks-wrap\">\n<div class=\"wp-block-uagb-container uagb-layout-grid uagb-block-0b254e6f\">\n<div class=\"wp-block-uagb-container uagb-block-5f1a849e\">\n<div class=\"wp-block-uagb-info-box uagb-block-d8528797 uagb-infobox__content-wrap  uagb-infobox-icon-above-title uagb-infobox-image-valign-top wp-block-uagb-info-box--has-margin\"><div class=\"uagb-infobox-margin-wrapper\"><div class=\"uagb-ifb-content\"><div class=\"uagb-ifb-title-wrap\"><h2 class=\"uagb-ifb-title\">Hatha Yoga<\/h2><\/div><p class=\"uagb-ifb-desc\">Il mio viaggio nello Yoga \u00e8 iniziato con l\u2019Hatha Yoga, che si declina in diverse forme a seconda degli insegnanti e delle esigenze dei praticanti. Questo Yoga del sole (Ha) e della luna (Tha), ma anche della forza o dello sforzo (Hatha in sanscrito), risale a millenni fa.<br>Pu\u00f2 essere lento o pi\u00f9 dinamico secondo le energie del momento e si compone di pratiche di posture (Asana), esercizi di respirazione (Pranayama), rilassamento e meditazione (Dhyana), il cui obiettivo \u00e8 condurre lo Yogi alla realizzazione della propria natura profonda attraverso l\u2019unione delle polarit\u00e0.<br><br>Oltre alla mia pratica e ricerca personale di diversi anni, nel 2022 ho seguito una formazione in Hatha Yoga tradizionale presso l\u2019Istituto di ricerca Kaivalyadhama a Lonavla, in India. Questo luogo magnifico \u00e8 sia un istituto di ricerca e studio dello Yoga che un centro di cure ayurvediche.<br><br>Praticare l\u2019Hatha Yoga permette di riconnettersi dolcemente al proprio corpo, al proprio respiro e alla propria mente. Poich\u00e9 corpo, spirito e anima formano un tutt\u2019uno, la pratica regolare dell\u2019Hatha Yoga permette di ritrovare l\u2019unit\u00e0, di centrarsi per vivere con una maggiore conoscenza di s\u00e9 e di acquisire strumenti concreti per riportare la calma nella propria esistenza.<\/p><\/div><\/div><\/div>\n<\/div>\n<\/div>\n\n\n\n<div class=\"wp-block-uagb-container uagb-block-484a010a\">\n<p><strong>Seduta individuale di 1 ora<br><\/strong>Tariffe: 45 \u20ac \u2013 Pacchetto di 10 sedute: 400 \u20ac<br><br><strong>Corsi collettivi su richiesta a partire da 4 persone<br><\/strong>Tariffe: 20 \u20ac a lezione \u2013 Pacchetto di 4 lezioni: 60 \u20ac<\/p>\n<\/div>\n<\/div><\/div>\n\n\n\n<div class=\"wp-block-uagb-container uagb-layout-grid uagb-block-a125fbc9 alignfull uagb-is-root-container\"><div class=\"uagb-container__shape uagb-container__shape-top\"><svg xmlns=\"https:\/\/www.w3.org\/2000\/svg\" viewbox=\"0 0 1000 100\" preserveaspectratio=\"none\"><path class=\"uagb-container__shape-fill\" d=\"M421.9,6.5c22.6-2.5,51.5,0.4,75.5,5.3c23.6,4.9,70.9,23.5,100.5,35.7c75.8,32.2,133.7,44.5,192.6,49.7  c23.6,2.1,48.7,3.5,103.4-2.5c54.7-6,106.2-25.6,106.2-25.6V0H0v30.3c0,0,72,32.6,158.4,30.5c39.2-0.7,92.8-6.7,134-22.4  c21.2-8.1,52.2-18.2,79.7-24.2C399.3,7.9,411.6,7.5,421.9,6.5z\"><\/path><\/svg><\/div><div class=\"uagb-container__shape uagb-container__shape-bottom uagb-container__invert\" data-negative=\"false\"><svg xmlns=\"https:\/\/www.w3.org\/2000\/svg\" viewbox=\"0 0 1000 100\" preserveaspectratio=\"none\"><path class=\"uagb-container__shape-fill\" d=\"M421.9,6.5c22.6-2.5,51.5,0.4,75.5,5.3c23.6,4.9,70.9,23.5,100.5,35.7c75.8,32.2,133.7,44.5,192.6,49.7  c23.6,2.1,48.7,3.5,103.4-2.5c54.7-6,106.2-25.6,106.2-25.6V0H0v30.3c0,0,72,32.6,158.4,30.5c39.2-0.7,92.8-6.7,134-22.4  c21.2-8.1,52.2-18.2,79.7-24.2C399.3,7.9,411.6,7.5,421.9,6.5z\"><\/path><\/svg><\/div><div class=\"uagb-container-inner-blocks-wrap\">\n<div class=\"wp-block-uagb-container uagb-layout-grid uagb-block-ab7d4315\">\n<div class=\"wp-block-uagb-container uagb-block-1c333930\">\n<div class=\"wp-block-uagb-info-box uagb-block-96a72aab uagb-infobox__content-wrap  uagb-infobox-icon-above-title uagb-infobox-image-valign-top wp-block-uagb-info-box--has-margin\"><div class=\"uagb-infobox-margin-wrapper\"><div class=\"uagb-ifb-content\"><div class=\"uagb-ifb-title-wrap\"><h2 class=\"uagb-ifb-title\">Ashtanga Yoga<\/h2><\/div><p class=\"uagb-ifb-desc\">L\u2019Ashtanga Yoga \u00e8 stato per me un vero colpo di fulmine. Nato a Mysore, in India, dove \u00e8 stato diffuso dal Maestro Sri K. Patthabi Jois, si tratta di un metodo di Yoga dinamico in cui ogni postura, o Asana, prepara alla successiva. La connessione tra movimento, respiro e sguardo \u00e8 la chiave di questa pratica che permette allo Yogi di entrare in un flusso in cui l\u2019essere intero \u00e8 coinvolto. Il corpo, la mente, lo spirito e l\u2019anima diventano cos\u00ec un tutt\u2019uno.<br><br>Oltre alle ore trascorse sul tappetino in compagnia di questa meravigliosa pratica, nel 2018 ho ottenuto la certificazione della scuola Ashtanga Yoga Mysore per insegnare la Prima Serie. Da allora continuo a partecipare regolarmente a workshop e ritiri, in particolare con i miei insegnanti italiani Lino Miele e Marcello Leoni.<br><br>Questo metodo intenso di Yoga offre numerosi benefici sia sul piano fisico, poich\u00e9 aiuta a liberare le tossine e a migliorare la capacit\u00e0 respiratoria, sia sul piano mentale. L\u2019energia vitale, o Prana, circolando pi\u00f9 facilmente nel corpo, porta infatti a un aumento di vitalit\u00e0, fiducia e chiarezza mentale nella vita quotidiana.<\/p><\/div><\/div><\/div>\n<\/div>\n\n\n\n<div class=\"wp-block-uagb-image uagb-block-25dcd3f7 wp-block-uagb-image--layout-default wp-block-uagb-image--effect-static wp-block-uagb-image--align-none\"><figure class=\"wp-block-uagb-image__figure\"><img decoding=\"async\" srcset=\"https:\/\/marielisegouit.com\/wp-content\/uploads\/2025\/10\/marie-lise-gouit_media_11-1024x683.webp ,https:\/\/marielisegouit.com\/wp-content\/uploads\/2025\/10\/marie-lise-gouit_yoga-une-pratique-pour-le-corps-le-coeur-et-lesprit_2.webp 780w, https:\/\/marielisegouit.com\/wp-content\/uploads\/2025\/10\/marie-lise-gouit_yoga-une-pratique-pour-le-corps-le-coeur-et-lesprit_2.webp 360w\" sizes=\"auto, (max-width: 480px) 150px\" src=\"https:\/\/marielisegouit.com\/wp-content\/uploads\/2025\/10\/marie-lise-gouit_media_11-1024x683.webp\" alt=\"image Marie-Lise Gouit page yoga une pratique pour le corps le coeur et lesprit\" class=\"uag-image-532\" width=\"600\" height=\"400\" title=\"Yoga - Une pratique pour le corps, le c\u0153ur et l\u2019esprit\" loading=\"lazy\" role=\"img\"><\/figure><\/div>\n<\/div>\n\n\n\n<div class=\"wp-block-uagb-container uagb-block-0b94e4db\">\n<p><strong>Seduta individuale di 1 ora e 20 minuti<br><\/strong>Tariffe: 55 \u20ac \u2013 Pacchetto di 10 sedute: 500 \u20ac<br><br><strong>Corsi collettivi su richiesta a partire da 4 persone<br><\/strong>Tariffe: 20 \u20ac a lezione \u2013 Pacchetto di 4 lezioni: 60 \u20ac<\/p>\n<\/div>\n<\/div><\/div>\n\n\n\n<div class=\"wp-block-uagb-container uagb-layout-grid uagb-block-9ea6b11d alignfull uagb-is-root-container\"><div class=\"uagb-container-inner-blocks-wrap\">\n<div class=\"wp-block-uagb-container uagb-layout-grid uagb-block-b6b96b12\">\n<div class=\"wp-block-uagb-container uagb-block-5f62bcec\">\n<div class=\"wp-block-uagb-info-box uagb-block-ec1528d2 uagb-infobox__content-wrap  uagb-infobox-icon-above-title uagb-infobox-image-valign-top wp-block-uagb-info-box--has-margin\"><div class=\"uagb-infobox-margin-wrapper\"><div class=\"uagb-ifb-content\"><div class=\"uagb-ifb-title-wrap\"><h2 class=\"uagb-ifb-title\">Yoga Nidra<\/h2><\/div><p class=\"uagb-ifb-desc\">Yoga Nidra, lo Yoga del sonno, del riposo, del rilassamento per eccellenza\u2026 ma non solo.<br>Amo profondamente questa pratica che permette di entrare dentro di s\u00e9 con delicatezza, come una piuma che si posa lentamente a terra, per liberare tensioni, emozioni nascoste e piantare nuove intenzioni.<br><br>Sviluppato dal Maestro indiano Swami Satyananda Saraswati, lo Yoga Nidra si pratica interamente da sdraiati. La pratica consiste nell\u2019esplorare stati di coscienza tra la veglia e il sonno, che apportano grandi benefici sia a livello fisico che mentale.<br>Si stima che 45 minuti di Yoga Nidra equivalgano a circa 3 ore di sonno e permettano quindi di rigenerarsi in profondit\u00e0.<br><br>Lo Yoga Nidra pu\u00f2 essere praticato in versione breve (15-20 minuti) o in versione lunga (50-60 minuti) a seconda delle esigenze. Lo guido con grande gioia, creando testi di accompagnamento adattati alle circostanze. Che io lo ascolti o lo guidi, questo Yoga delle profondit\u00e0 \u00e8 per me sempre sinonimo di calma e rinascita.<\/p><\/div><\/div><\/div>\n<\/div>\n<\/div>\n\n\n\n<div class=\"wp-block-uagb-container uagb-block-145ab287\">\n<p><strong>Seduta individuale di 1 ora<br><\/strong>Tariffe: 45 \u20ac \u2013 Pacchetto di 10 sedute: 400 \u20ac<br><br><strong>Pratica collettiva mensile<br><\/strong>Tariffe: 20 \u20ac a pratica<\/p>\n<\/div>\n<\/div><\/div>\n\n\n\n<div class=\"wp-block-uagb-container uagb-layout-grid uagb-block-df8fd3d2 alignfull uagb-is-root-container\"><div class=\"uagb-container__shape uagb-container__shape-top\"><svg xmlns=\"https:\/\/www.w3.org\/2000\/svg\" viewbox=\"0 0 1000 100\" preserveaspectratio=\"none\"><path class=\"uagb-container__shape-fill\" d=\"M421.9,6.5c22.6-2.5,51.5,0.4,75.5,5.3c23.6,4.9,70.9,23.5,100.5,35.7c75.8,32.2,133.7,44.5,192.6,49.7  c23.6,2.1,48.7,3.5,103.4-2.5c54.7-6,106.2-25.6,106.2-25.6V0H0v30.3c0,0,72,32.6,158.4,30.5c39.2-0.7,92.8-6.7,134-22.4  c21.2-8.1,52.2-18.2,79.7-24.2C399.3,7.9,411.6,7.5,421.9,6.5z\"><\/path><\/svg><\/div><div class=\"uagb-container__shape uagb-container__shape-bottom uagb-container__invert\" data-negative=\"false\"><svg xmlns=\"https:\/\/www.w3.org\/2000\/svg\" viewbox=\"0 0 1000 100\" preserveaspectratio=\"none\"><path class=\"uagb-container__shape-fill\" d=\"M421.9,6.5c22.6-2.5,51.5,0.4,75.5,5.3c23.6,4.9,70.9,23.5,100.5,35.7c75.8,32.2,133.7,44.5,192.6,49.7  c23.6,2.1,48.7,3.5,103.4-2.5c54.7-6,106.2-25.6,106.2-25.6V0H0v30.3c0,0,72,32.6,158.4,30.5c39.2-0.7,92.8-6.7,134-22.4  c21.2-8.1,52.2-18.2,79.7-24.2C399.3,7.9,411.6,7.5,421.9,6.5z\"><\/path><\/svg><\/div><div class=\"uagb-container-inner-blocks-wrap\">\n<div class=\"wp-block-uagb-container uagb-layout-grid uagb-block-dd9668e0\">\n<div class=\"wp-block-uagb-container uagb-block-e3b99c94\">\n<div class=\"wp-block-uagb-info-box uagb-block-198dce73 uagb-infobox__content-wrap  uagb-infobox-icon-above-title uagb-infobox-image-valign-top wp-block-uagb-info-box--has-margin\"><div class=\"uagb-infobox-margin-wrapper\"><div class=\"uagb-ifb-content\"><div class=\"uagb-ifb-title-wrap\"><h2 class=\"uagb-ifb-title\">Donne incinte<\/h2><\/div><p class=\"uagb-ifb-desc\">\u00ab Il nostro respiro unisce il nostro corpo alla nostra mente, in modo da poterci sentire veramente vivi, veramente presenti alla vita. \u00bb<br><em>Thich Nhat Hanh<br><\/em><br>La gravidanza \u00e8 un momento molto particolare nella vita di una donna, un momento in cui il nostro corpo non \u00e8 pi\u00f9 solo il nostro, ma anche quello di un altro essere che cresce dentro di noi. Questi mesi intensi sono al tempo stesso pieni di meraviglia e di grandi cambiamenti fisici, psicologici ed emotivi.<br><br>Come mamma di un bambino nato nel 2024, so quanto la pratica dello Yoga possa essere di grande sostegno durante questo periodo. Le posture (Asana) dolci e adattate possono aiutare ad alleviare i disagi dovuti in particolare ai cambiamenti posturali o all\u2019aumento di peso.<br>Gli esercizi di respirazione (Pranayama) permettono inoltre di ossigenare meglio il corpo della donna incinta e quello del bambino, preparando la coppia mamma-bambino al giorno del parto.<br><br>Infine, il rilassamento \u00e8 un elemento fondamentale per vivere la gravidanza nel modo pi\u00f9 sereno possibile. Attraverso visualizzazioni delicate e positive, mi sta a cuore guidare la mamma affinch\u00e9 si (ri)connetta a se stessa e al suo bambino, e che la fiducia nutra il loro cammino.<\/p><\/div><\/div><\/div>\n<\/div>\n\n\n\n<div class=\"wp-block-uagb-image uagb-block-71beaf05 wp-block-uagb-image--layout-default wp-block-uagb-image--effect-static wp-block-uagb-image--align-none\"><figure class=\"wp-block-uagb-image__figure\"><img decoding=\"async\" srcset=\"https:\/\/marielisegouit.com\/wp-content\/uploads\/2025\/10\/marie-lise-gouit_media_12-1024x681.webp ,https:\/\/marielisegouit.com\/wp-content\/uploads\/2025\/10\/marie-lise-gouit_yoga-une-pratique-pour-le-corps-le-coeur-et-lesprit_3.webp 780w, https:\/\/marielisegouit.com\/wp-content\/uploads\/2025\/10\/marie-lise-gouit_yoga-une-pratique-pour-le-corps-le-coeur-et-lesprit_3.webp 360w\" sizes=\"auto, (max-width: 480px) 150px\" src=\"https:\/\/marielisegouit.com\/wp-content\/uploads\/2025\/10\/marie-lise-gouit_media_12-1024x681.webp\" alt=\"Marie Lise Gouit Media 12 1024x681\" class=\"uag-image-535\" width=\"600\" height=\"400\" title=\"Yoga - Une pratique pour le corps, le c\u0153ur et l\u2019esprit\" loading=\"lazy\" role=\"img\"><\/figure><\/div>\n<\/div>\n\n\n\n<div class=\"wp-block-uagb-container uagb-block-5b48f18e\">\n<p><strong>Seduta individuale di 1 ora<br><\/strong>Tariffe: 45 \u20ac \u2013 Pacchetto di 10 sedute: 400 \u20ac<br><br><strong>Corsi collettivi su richiesta a partire da 4 persone<br><\/strong>Tariffe: 20 \u20ac a lezione \u2013 Pacchetto di 4 lezioni: 60 \u20ac<\/p>\n<\/div>\n<\/div><\/div>\n\n\n\n<div class=\"wp-block-uagb-container uagb-layout-grid uagb-block-cdd4f596 alignfull uagb-is-root-container\"><div class=\"uagb-container-inner-blocks-wrap\">\n<div class=\"wp-block-uagb-container uagb-layout-grid uagb-block-c6c22111\">\n<div class=\"wp-block-uagb-container uagb-layout-grid uagb-block-a2ed861e\">\n<div class=\"wp-block-uagb-container uagb-block-f4925392\">\n<div class=\"wp-block-uagb-info-box uagb-block-02fca637 uagb-infobox__content-wrap  uagb-infobox-icon-above-title uagb-infobox-image-valign-top wp-block-uagb-info-box--has-margin\"><div class=\"uagb-infobox-margin-wrapper\"><div class=\"uagb-ifb-content\"><div class=\"uagb-ifb-title-wrap\"><h2 class=\"uagb-ifb-title\">Bambini<\/h2><\/div><p class=\"uagb-ifb-desc\">\u00ab La pratica dello Yoga da la forza di ascoltare a dispetto di tutti i messaggi che provengono dall\u2019interno. \u00bb<br><em>Micheline Flak<br><\/em><br>Lo Yoga \u00e8 per i grandi, ma anche per i piccoli!<br>Questa scienza ancestrale racchiude numerosi strumenti che possono essere trasmessi fin dalla pi\u00f9 tenera et\u00e0. Convinta dell\u2019importanza di piantare semi nelle nuove generazioni affinch\u00e9 i bambini possano crescere con maggiore fiducia e consapevolezza, ho intrapreso un percorso di formazione presso il RYE, organismo di Ricerca sullo Yoga nell\u2019Educazione, riconosciuto dal Ministero dell\u2019Istruzione francese, con il quale sono stata certificata nel 2024.<br><br>Oggi sono felice di poter proporre laboratori per bambini a partire dai 3 anni, in sessione individuale o collettiva.<br>Ogni laboratorio \u00e8 composto da momenti di scambio, pratiche fisiche e respiratorie adatte all\u2019et\u00e0 dei bambini, momenti di rilassamento e attivit\u00e0 creativa. I piccoli yogi vengono cos\u00ec guidati a migliorare le proprie capacit\u00e0 motorie, a prendere coscienza delle proprie emozioni, a scoprire strumenti per calmarsi, a lavorare sulla convivenza, a riflettere su valori importanti e a sviluppare la loro creativit\u00e0.<br><br>Crescere con lo Yoga significa acquisire strumenti per la vita.<\/p><\/div><\/div><\/div>\n<\/div>\n\n\n\n<div class=\"wp-block-uagb-image uagb-block-c5ad1026 wp-block-uagb-image--layout-default wp-block-uagb-image--effect-static wp-block-uagb-image--align-none\"><figure class=\"wp-block-uagb-image__figure\"><img decoding=\"async\" srcset=\"https:\/\/marielisegouit.com\/wp-content\/uploads\/2025\/10\/marie-lise-gouit_yoga-une-pratique-pour-le-corps-le-coeur-et-lesprit_4.webp ,https:\/\/marielisegouit.com\/wp-content\/uploads\/2025\/10\/marie-lise-gouit_yoga-une-pratique-pour-le-corps-le-coeur-et-lesprit_4.webp 780w, https:\/\/marielisegouit.com\/wp-content\/uploads\/2025\/10\/marie-lise-gouit_yoga-une-pratique-pour-le-corps-le-coeur-et-lesprit_4.webp 360w\" sizes=\"auto, (max-width: 480px) 150px\" src=\"https:\/\/marielisegouit.com\/wp-content\/uploads\/2025\/10\/marie-lise-gouit_yoga-une-pratique-pour-le-corps-le-coeur-et-lesprit_4.webp\" alt=\"image Marie-Lise Gouit page yoga une pratique pour le corps le coeur et lesprit\" class=\"uag-image-536\" width=\"600\" height=\"400\" title=\"Yoga - Une pratique pour le corps, le c\u0153ur et l\u2019esprit\" loading=\"lazy\" role=\"img\"><\/figure><\/div>\n<\/div>\n<\/div>\n\n\n\n<div class=\"wp-block-uagb-container uagb-block-81237c78\">\n<p><strong>Seduta individuale di 1 ora<br><\/strong>Tariffe: 45 \u20ac \u2013 Pacchetto di 10 sedute: 400 \u20ac<br><br><strong>Sono aperta a qualsiasi proposta di collaborazione.<br>Contattami per maggiori informazioni!<\/strong><\/p>\n<\/div>\n<\/div><\/div>\n\n\n\n<div class=\"wp-block-uagb-container uagb-block-d7b60fd6 alignfull uagb-is-root-container\"><div class=\"uagb-container-inner-blocks-wrap\">\n<div class=\"wp-block-uagb-info-box uagb-block-6fdc34d4 uagb-infobox__content-wrap  uagb-infobox-icon-above-title uagb-infobox-image-valign-top\"><div class=\"uagb-ifb-content\"><div class=\"uagb-ifb-title-wrap\"><h2 class=\"uagb-ifb-title\">Fai il primo passo verso una maggiore Armonia<\/h2><\/div><p class=\"uagb-ifb-desc\">Ti invito a navigare in questo sito, a scoprire le mie pratiche e a contattarmi per saperne di pi\u00f9 o per prenotare una seduta. Insieme, apriamo la strada verso una vita pi\u00f9 allineata e serena.<\/p><div class=\"uagb-ifb-button-wrapper wp-block-button\"><a href=\"https:\/\/marielisegouit.com\/it\/contact-marie-lise-gouit\/\" class=\"uagb-infobox-cta-link wp-block-button__link\" target=\"_self\" rel=\"noopener noreferrer\" onclick=\"return true;\"><span class=\"uagb-inline-editing\">Contatti<\/span><\/a><\/div><\/div><\/div>\n<\/div><\/div>","protected":false},"excerpt":{"rendered":"<p>S\u00e9ance individuelle d\u20191hTarifs : 45 \u20ac &#8211; Carnet de 10 s\u00e9ances : 400 \u20ac Cours collectifs sur demande \u00e0 partir [&hellip;]<\/p>","protected":false},"author":4,"featured_media":0,"parent":0,"menu_order":0,"comment_status":"closed","ping_status":"closed","template":"","meta":{"_uag_custom_page_level_css":"","site-sidebar-layout":"default","site-content-layout":"","ast-site-content-layout":"default","site-content-style":"default","site-sidebar-style":"default","ast-global-header-display":"","ast-banner-title-visibility":"","ast-main-header-display":"","ast-hfb-above-header-display":"","ast-hfb-below-header-display":"","ast-hfb-mobile-header-display":"","site-post-title":"disabled","ast-breadcrumbs-content":"","ast-featured-img":"","footer-sml-layout":"","theme-transparent-header-meta":"","adv-header-id-meta":"","stick-header-meta":"","header-above-stick-meta":"","header-main-stick-meta":"","header-below-stick-meta":"","astra-migrate-meta-layouts":"default","ast-page-background-enabled":"default","ast-page-background-meta":{"desktop":{"background-color":"var(--ast-global-color-4)","background-image":"","background-repeat":"repeat","background-position":"center center","background-size":"auto","background-attachment":"scroll","background-type":"","background-media":"","overlay-type":"","overlay-color":"","overlay-opacity":"","overlay-gradient":""},"tablet":{"background-color":"","background-image":"","background-repeat":"repeat","background-position":"center center","background-size":"auto","background-attachment":"scroll","background-type":"","background-media":"","overlay-type":"","overlay-color":"","overlay-opacity":"","overlay-gradient":""},"mobile":{"background-color":"","background-image":"","background-repeat":"repeat","background-position":"center center","background-size":"auto","background-attachment":"scroll","background-type":"","background-media":"","overlay-type":"","overlay-color":"","overlay-opacity":"","overlay-gradient":""}},"ast-content-background-meta":{"desktop":{"background-color":"var(--ast-global-color-5)","background-image":"","background-repeat":"repeat","background-position":"center center","background-size":"auto","background-attachment":"scroll","background-type":"","background-media":"","overlay-type":"","overlay-color":"","overlay-opacity":"","overlay-gradient":""},"tablet":{"background-color":"var(--ast-global-color-5)","background-image":"","background-repeat":"repeat","background-position":"center center","background-size":"auto","background-attachment":"scroll","background-type":"","background-media":"","overlay-type":"","overlay-color":"","overlay-opacity":"","overlay-gradient":""},"mobile":{"background-color":"var(--ast-global-color-5)","background-image":"","background-repeat":"repeat","background-position":"center center","background-size":"auto","background-attachment":"scroll","background-type":"","background-media":"","overlay-type":"","overlay-color":"","overlay-opacity":"","overlay-gradient":""}},"footnotes":""},"class_list":["post-433","page","type-page","status-publish","hentry"],"uagb_featured_image_src":{"full":false,"thumbnail":false,"medium":false,"medium_large":false,"large":false,"1536x1536":false,"2048x2048":false,"trp-custom-language-flag":false},"uagb_author_info":{"display_name":"0othftkjxgmx","author_link":"https:\/\/marielisegouit.com\/it\/author\/0othftkjxgmx\/"},"uagb_comment_info":0,"uagb_excerpt":"S\u00e9ance individuelle d\u20191hTarifs : 45 \u20ac &#8211; Carnet de 10 s\u00e9ances : 400 \u20ac Cours collectifs sur demande \u00e0 partir [&hellip;]","_links":{"self":[{"href":"https:\/\/marielisegouit.com\/it\/wp-json\/wp\/v2\/pages\/433","targetHints":{"allow":["GET"]}}],"collection":[{"href":"https:\/\/marielisegouit.com\/it\/wp-json\/wp\/v2\/pages"}],"about":[{"href":"https:\/\/marielisegouit.com\/it\/wp-json\/wp\/v2\/types\/page"}],"author":[{"embeddable":true,"href":"https:\/\/marielisegouit.com\/it\/wp-json\/wp\/v2\/users\/4"}],"replies":[{"embeddable":true,"href":"https:\/\/marielisegouit.com\/it\/wp-json\/wp\/v2\/comments?post=433"}],"version-history":[{"count":14,"href":"https:\/\/marielisegouit.com\/it\/wp-json\/wp\/v2\/pages\/433\/revisions"}],"predecessor-version":[{"id":625,"href":"https:\/\/marielisegouit.com\/it\/wp-json\/wp\/v2\/pages\/433\/revisions\/625"}],"wp:attachment":[{"href":"https:\/\/marielisegouit.com\/it\/wp-json\/wp\/v2\/media?parent=433"}],"curies":[{"name":"wp","href":"https:\/\/api.w.org\/{rel}","templated":true}]}}