{"id":24,"date":"2025-08-29T09:16:54","date_gmt":"2025-08-29T09:16:54","guid":{"rendered":"https:\/\/marielisegouit.com\/?page_id=24"},"modified":"2025-12-14T11:51:39","modified_gmt":"2025-12-14T11:51:39","slug":"qui-suis-je","status":"publish","type":"page","link":"https:\/\/marielisegouit.com\/it\/qui-suis-je\/","title":{"rendered":"Chi sono?"},"content":{"rendered":"<div class=\"wp-block-uagb-container uagb-layout-grid uagb-block-61c3fd7a alignfull uagb-is-root-container\"><div class=\"uagb-container__shape uagb-container__shape-bottom uagb-container__invert\" data-negative=\"false\"><svg xmlns=\"https:\/\/www.w3.org\/2000\/svg\" viewbox=\"0 0 1000 100\" preserveaspectratio=\"none\"><path class=\"uagb-container__shape-fill\" d=\"M421.9,6.5c22.6-2.5,51.5,0.4,75.5,5.3c23.6,4.9,70.9,23.5,100.5,35.7c75.8,32.2,133.7,44.5,192.6,49.7  c23.6,2.1,48.7,3.5,103.4-2.5c54.7-6,106.2-25.6,106.2-25.6V0H0v30.3c0,0,72,32.6,158.4,30.5c39.2-0.7,92.8-6.7,134-22.4  c21.2-8.1,52.2-18.2,79.7-24.2C399.3,7.9,411.6,7.5,421.9,6.5z\"><\/path><\/svg><\/div><div class=\"uagb-container-inner-blocks-wrap\">\n<div class=\"wp-block-uagb-info-box uagb-block-3a2b7719 uagb-infobox__content-wrap  uagb-infobox-icon-above-title uagb-infobox-image-valign-top\"><div class=\"uagb-ifb-content\"><div class=\"uagb-ifb-title-wrap\"><h1 class=\"uagb-ifb-title\">Chi sono?<\/h1><\/div><\/div><\/div>\n<\/div><\/div>\n\n\n\n<div class=\"wp-block-uagb-container uagb-block-09f03414 alignfull uagb-is-root-container\"><div class=\"uagb-container-inner-blocks-wrap\">\n<div class=\"wp-block-uagb-advanced-heading uagb-block-ca3de8bf\"><h2 class=\"uagb-heading-text\">Namaste e benvenuto nel cuore della mia storia.<\/h2><\/div>\n\n\n\n<div class=\"wp-block-uagb-container uagb-layout-grid uagb-block-147934f6\">\n<div class=\"wp-block-uagb-image uagb-block-95318720 wp-block-uagb-image--layout-default wp-block-uagb-image--effect-static wp-block-uagb-image--align-none\"><figure class=\"wp-block-uagb-image__figure\"><img decoding=\"async\" srcset=\"https:\/\/marielisegouit.com\/wp-content\/uploads\/2025\/11\/marie-lise-gouit_media_6.webp ,http:\/\/marielisegouit.com\/wp-content\/uploads\/2025\/11\/marie-lise-gouit_qui-suis-je_2.webp 780w, http:\/\/marielisegouit.com\/wp-content\/uploads\/2025\/11\/marie-lise-gouit_qui-suis-je_2.webp 360w\" sizes=\"auto, (max-width: 480px) 150px\" src=\"https:\/\/marielisegouit.com\/wp-content\/uploads\/2025\/11\/marie-lise-gouit_media_6.webp\" alt=\"image Marie-Lise Gouit page qui suis je\" class=\"uag-image-618\" width=\"600\" height=\"400\" title=\"Chi sono?\" loading=\"lazy\" role=\"img\"><\/figure><\/div>\n\n\n\n<div class=\"wp-block-uagb-advanced-heading uagb-block-477b52f6\"><p class=\"uagb-heading-text\">Nata un 22 giugno sotto il sensibile segno del Cancro, la mia vita terrena \u00e8 iniziata nella citt\u00e0 santa di Le Puy-en-Velay, in Francia. Sono cresciuta circondata da alberi e natura, anche se ho sempre desiderato viaggiare. La mia carriera di viaggiatrice \u00e8 iniziata nell'adolescenza con una particolare predilezione per l'Italia, dove avevo sempre sognato di vivere.<\/p><p class=\"uagb-desc-text\">Inghilterra, Italia, Turchia e India mi hanno accolto per un periodo, permettendomi di nutrire la mia ricerca di conoscenza di altri modi di fare, pensare e vivere. Oggi capisco che il viaggio \u00e8 un modo per me di vivere la mia esistenza, sia attraverso la scoperta del mondo esterno che del mio universo interiore.<\/p><\/div>\n<\/div>\n<\/div><\/div>\n\n\n\n<div class=\"wp-block-uagb-container uagb-layout-grid uagb-block-8a945755 alignfull uagb-is-root-container\"><div class=\"uagb-container__shape uagb-container__shape-top\"><svg xmlns=\"https:\/\/www.w3.org\/2000\/svg\" viewbox=\"0 0 1000 100\" preserveaspectratio=\"none\"><path class=\"uagb-container__shape-fill\" d=\"M421.9,6.5c22.6-2.5,51.5,0.4,75.5,5.3c23.6,4.9,70.9,23.5,100.5,35.7c75.8,32.2,133.7,44.5,192.6,49.7  c23.6,2.1,48.7,3.5,103.4-2.5c54.7-6,106.2-25.6,106.2-25.6V0H0v30.3c0,0,72,32.6,158.4,30.5c39.2-0.7,92.8-6.7,134-22.4  c21.2-8.1,52.2-18.2,79.7-24.2C399.3,7.9,411.6,7.5,421.9,6.5z\"><\/path><\/svg><\/div><div class=\"uagb-container-inner-blocks-wrap\">\n<div class=\"wp-block-uagb-info-box uagb-block-dda7fb97 uagb-infobox__content-wrap  uagb-infobox-icon-above-title uagb-infobox-image-valign-top\"><div class=\"uagb-ifb-content\"><div class=\"uagb-ifb-title-wrap\"><h2 class=\"uagb-ifb-title\">Il mio incontro con lo Yoga<\/h2><\/div><\/div><\/div>\n\n\n\n<div class=\"wp-block-uagb-container uagb-block-39a87201\">\n<div class=\"wp-block-uagb-advanced-heading uagb-block-924352a4\"><p class=\"uagb-heading-text\">Lo Yoga \u00e8 entrato nella mia vita quando avevo poco pi\u00f9 di vent'anni.<br><br>Questa antica saggezza mi ha subito affascinata ed \u00e8 diventata rapidamente un filo conduttore del mio cammino. Mentre inizialmente cercavo semplicemente un maggiore benessere e strumenti per gestire la mia ansia, lo Yoga mi ha offerto molto di pi\u00f9 attraverso una comprensione olistica di me stessa e dell'esistenza.<br><br>Questa scienza dell'autorealizzazione, che pratico quotidianamente attraverso posture, esercizi di respirazione, rilassamento, recitazione di mantra e meditazione, \u00e8 stata di grande supporto nel prendere decisioni e nell'affrontare le sfide della vita, in particolare quando la malattia e il lutto hanno bussato alla mia porta e a quella della mia famiglia.<\/p><\/div>\n<\/div>\n<\/div><\/div>\n\n\n\n<div class=\"wp-block-uagb-container uagb-block-17365e7d alignfull uagb-is-root-container\"><div class=\"uagb-container__shape uagb-container__shape-top\"><svg xmlns=\"https:\/\/www.w3.org\/2000\/svg\" viewbox=\"0 0 1000 100\" preserveaspectratio=\"none\"><path class=\"uagb-container__shape-fill\" d=\"M421.9,6.5c22.6-2.5,51.5,0.4,75.5,5.3c23.6,4.9,70.9,23.5,100.5,35.7c75.8,32.2,133.7,44.5,192.6,49.7  c23.6,2.1,48.7,3.5,103.4-2.5c54.7-6,106.2-25.6,106.2-25.6V0H0v30.3c0,0,72,32.6,158.4,30.5c39.2-0.7,92.8-6.7,134-22.4  c21.2-8.1,52.2-18.2,79.7-24.2C399.3,7.9,411.6,7.5,421.9,6.5z\"><\/path><\/svg><\/div><div class=\"uagb-container__shape uagb-container__shape-bottom uagb-container__invert\" data-negative=\"false\"><svg xmlns=\"https:\/\/www.w3.org\/2000\/svg\" viewbox=\"0 0 1000 100\" preserveaspectratio=\"none\"><path class=\"uagb-container__shape-fill\" d=\"M421.9,6.5c22.6-2.5,51.5,0.4,75.5,5.3c23.6,4.9,70.9,23.5,100.5,35.7c75.8,32.2,133.7,44.5,192.6,49.7  c23.6,2.1,48.7,3.5,103.4-2.5c54.7-6,106.2-25.6,106.2-25.6V0H0v30.3c0,0,72,32.6,158.4,30.5c39.2-0.7,92.8-6.7,134-22.4  c21.2-8.1,52.2-18.2,79.7-24.2C399.3,7.9,411.6,7.5,421.9,6.5z\"><\/path><\/svg><\/div><div class=\"uagb-container-inner-blocks-wrap\">\n<div class=\"wp-block-uagb-advanced-heading uagb-block-ab53c455\"><h2 class=\"uagb-heading-text\">Dallo Yoga all\u2019Ayurveda, un prolungamento naturale<\/h2><\/div>\n\n\n\n<div class=\"wp-block-uagb-container uagb-layout-flex uagb-block-113b0341\">\n<div class=\"wp-block-uagb-advanced-heading uagb-block-6dd0957a\"><p class=\"uagb-heading-text\">Dallo Yoga all'Ayurveda, il passo \u00e8 breve: queste due antiche scienze indiane funzionano in parallelo. \u00c8 stato quindi naturale per me interessarmi a entrambe, anche se, mentre lo Yoga mi offriva la via maestra dell'insegnamento, l'Ayurveda rimaneva nella mia sfera personale. La mia formazione in Yoga si \u00e8 cos\u00ec affinata nel tempo sul tappetino e poi attraverso certificazioni : in India, a Mysore, per insegnare l\u2019Ashtanga Yoga, a Lonavla per l'Hatha Yoga e in Francia con l'associazione RYE, certificata dal Ministero della Pubblica Istruzione francese, per lo Yoga per bambini e ragazzi. \u00c8 stato a Lonavla, nello splendido centro di ricerca sullo Yoga e di cure ayurvediche, Kaivalyadhama, che ho deciso di approfondire la mia conoscenza dell'Ayurveda dopo che questa scienza sacra mi ha supportato per l\u2019arrivo al mondo del mio bambino nel 2024.<\/p><\/div>\n<\/div>\n<\/div><\/div>\n\n\n\n<div class=\"wp-block-uagb-container uagb-layout-grid uagb-block-bba80d40 alignfull uagb-is-root-container\"><div class=\"uagb-container-inner-blocks-wrap\">\n<div class=\"wp-block-uagb-info-box uagb-block-0c9314ff uagb-infobox__content-wrap  uagb-infobox-icon-above-title uagb-infobox-image-valign-top wp-block-uagb-info-box--has-margin\"><div class=\"uagb-infobox-margin-wrapper\"><div class=\"uagb-ifb-content\"><div class=\"uagb-ifb-title-wrap\"><h2 class=\"uagb-ifb-title\">L\u2019unione delle pratiche energetiche<\/h2><\/div><p class=\"uagb-ifb-desc\">\u00c8 quindi chiaro che le mie scelte di vita personale e professionale sono intimamente collegate; tutto \u00e8 unione, come nello Yoga. Affinando la mia comprensione energetica e olistica dell'esistenza umana, le pratiche di Reiki Usui e di Theta Healing\u00ae hanno trovato naturalmente il loro posto per nutrire la mia esplorazione sempre pi\u00f9 sottile del funzionamento del corpo e dell'anima.<\/p><\/div><\/div><\/div>\n\n\n\n<div class=\"wp-block-uagb-info-box uagb-block-a8411916 uagb-infobox__content-wrap  uagb-infobox-icon-above-title uagb-infobox-image-valign-top wp-block-uagb-info-box--has-margin\"><div class=\"uagb-infobox-margin-wrapper\"><div class=\"uagb-ifb-content\"><div class=\"uagb-ifb-title-wrap\"><h2 class=\"uagb-ifb-title\">La mia pratica del Reiki Usui<\/h2><\/div><p class=\"uagb-ifb-desc\">La pratica giapponese del Reiki Usui mi accompagna ogni giorno da quel pomeriggio del 2017 in cui sono stata iniziata al primo livello aprendo il mio cuore ad una nuova luce. La delicatezza della tecnica di guarigione energetica del Reiki Usui \u00e8 incomparabile; \u00e8 un vero balsamo che avvolge e da pace, conducendoci a una comprensione sempre pi\u00f9 profonda dell'esistenza.<br><br>\u00c8 quindi un vero onore per me aver ricevuto il titolo di Maestra Reiki nel 2023, dopo una svolta importante nella mia vita.<\/p><\/div><\/div><\/div>\n<\/div><\/div>\n\n\n\n<div class=\"wp-block-uagb-container uagb-block-db0a054d alignfull uagb-is-root-container\"><div class=\"uagb-container__shape uagb-container__shape-top\"><svg xmlns=\"https:\/\/www.w3.org\/2000\/svg\" viewbox=\"0 0 1000 100\" preserveaspectratio=\"none\"><path class=\"uagb-container__shape-fill\" d=\"M421.9,6.5c22.6-2.5,51.5,0.4,75.5,5.3c23.6,4.9,70.9,23.5,100.5,35.7c75.8,32.2,133.7,44.5,192.6,49.7  c23.6,2.1,48.7,3.5,103.4-2.5c54.7-6,106.2-25.6,106.2-25.6V0H0v30.3c0,0,72,32.6,158.4,30.5c39.2-0.7,92.8-6.7,134-22.4  c21.2-8.1,52.2-18.2,79.7-24.2C399.3,7.9,411.6,7.5,421.9,6.5z\"><\/path><\/svg><\/div><div class=\"uagb-container-inner-blocks-wrap\">\n<div class=\"wp-block-uagb-advanced-heading uagb-block-c2dedd5e\"><h2 class=\"uagb-heading-text\">La mia scoperta del Theta Healing\u00ae<\/h2><\/div>\n\n\n\n<div class=\"wp-block-uagb-container uagb-layout-grid uagb-block-43cac109\">\n<div class=\"wp-block-uagb-image uagb-block-51556a0c wp-block-uagb-image--layout-default wp-block-uagb-image--effect-static wp-block-uagb-image--align-none\"><figure class=\"wp-block-uagb-image__figure\"><img decoding=\"async\" srcset=\"https:\/\/marielisegouit.com\/wp-content\/uploads\/2025\/11\/marie-lise-gouit_media_9.webp ,http:\/\/marielisegouit.com\/wp-content\/uploads\/2025\/11\/marie-lise-gouit_qui-suis-je_4.webp 780w, http:\/\/marielisegouit.com\/wp-content\/uploads\/2025\/11\/marie-lise-gouit_qui-suis-je_4.webp 360w\" sizes=\"auto, (max-width: 480px) 150px\" src=\"https:\/\/marielisegouit.com\/wp-content\/uploads\/2025\/11\/marie-lise-gouit_media_9.webp\" alt=\"image Marie-Lise Gouit page qui suis je\" class=\"uag-image-622\" width=\"600\" height=\"400\" title=\"Chi sono?\" loading=\"lazy\" role=\"img\"><\/figure><\/div>\n\n\n\n<div class=\"wp-block-uagb-advanced-heading uagb-block-940f4c4b\"><p class=\"uagb-heading-text\">Questa svolta decisiva all'alba dei miei quarant'anni \u00e8 stata tanto fonte di sofferenza quanto di opportunit\u00e0, ed \u00e8 anche stato in quel periodo che ho deciso di diventare una Theta Healer. Avevo gi\u00e0 seguito diverse sessioni di Theta Healing\u00ae per lavorare sul mio inconscio, e questa connessione quantistica con l'energia della Creazione e dell'Amore incondizionato mi aveva immediatamente meravigliata.<br><br>La formazione \u00e8 stata un vero dono che ho regalato a me stessa; le consapevolezze e le trasformazioni che sono derivate dalle mie settimane di formazione sono state incredibilmente potenti. Ho riacquisito fiducia in me stessa e nella mia capacit\u00e0 di creare la mia vita a tutti i livelli. Citer\u00f2 qu\u00ec solo un esempio, il pi\u00f9 bello, dei cambiamenti che sono avvenuti.<\/p><\/div>\n<\/div>\n<\/div><\/div>\n\n\n\n<div class=\"wp-block-uagb-container uagb-layout-grid uagb-block-d68a156c alignfull uagb-is-root-container\"><div class=\"uagb-container__shape uagb-container__shape-top\"><svg xmlns=\"https:\/\/www.w3.org\/2000\/svg\" viewbox=\"0 0 1000 100\" preserveaspectratio=\"none\"><path class=\"uagb-container__shape-fill\" d=\"M421.9,6.5c22.6-2.5,51.5,0.4,75.5,5.3c23.6,4.9,70.9,23.5,100.5,35.7c75.8,32.2,133.7,44.5,192.6,49.7  c23.6,2.1,48.7,3.5,103.4-2.5c54.7-6,106.2-25.6,106.2-25.6V0H0v30.3c0,0,72,32.6,158.4,30.5c39.2-0.7,92.8-6.7,134-22.4  c21.2-8.1,52.2-18.2,79.7-24.2C399.3,7.9,411.6,7.5,421.9,6.5z\"><\/path><\/svg><\/div><div class=\"uagb-container-inner-blocks-wrap\">\n<div class=\"wp-block-uagb-info-box uagb-block-2b572c43 uagb-infobox__content-wrap  uagb-infobox-icon-above-title uagb-infobox-image-valign-top wp-block-uagb-info-box--has-margin\"><div class=\"uagb-infobox-margin-wrapper\"><div class=\"uagb-ifb-content\"><div class=\"uagb-ifb-title-wrap\"><h2 class=\"uagb-ifb-title\">Una svolta verso la rinascita<\/h2><\/div><p class=\"uagb-ifb-desc\">Era maggio 2022. Avevo appena attraversato una separazione dolorosa e inaspettata, stavo per compiere 38 anni e non sapevo dove sistemarmi. Ma una cosa era certa, e ogni pratica sul tappetino me lo confermava: volevo continuare il mio percorso professionale come insegnante di Yoga e operatrice olistica.<br><br>Volevo guarire il mio cuore e continuare ad amare: la vita, le persone, la natura, le piccole e grandi cose... Cos\u00ec sono andata ad Aix-en-Provence per seguire la formazione che mi avrebbe permesso di diventare Theta Healer. Durante questa formazione particolarmente intensa e commovente, ho manifestato ci\u00f2 che il mio cuore desiderava: un partner, un figlio, nell'amore e nella serenit\u00e0. Una data mi \u00e8 arrivata : febbraio 2024.<\/p><\/div><\/div><\/div>\n<\/div><\/div>\n\n\n\n<div class=\"wp-block-uagb-container uagb-block-2325f729 alignfull uagb-is-root-container\"><div class=\"uagb-container__shape uagb-container__shape-top\"><svg xmlns=\"https:\/\/www.w3.org\/2000\/svg\" viewbox=\"0 0 1000 100\" preserveaspectratio=\"none\"><path class=\"uagb-container__shape-fill\" d=\"M421.9,6.5c22.6-2.5,51.5,0.4,75.5,5.3c23.6,4.9,70.9,23.5,100.5,35.7c75.8,32.2,133.7,44.5,192.6,49.7  c23.6,2.1,48.7,3.5,103.4-2.5c54.7-6,106.2-25.6,106.2-25.6V0H0v30.3c0,0,72,32.6,158.4,30.5c39.2-0.7,92.8-6.7,134-22.4  c21.2-8.1,52.2-18.2,79.7-24.2C399.3,7.9,411.6,7.5,421.9,6.5z\"><\/path><\/svg><\/div><div class=\"uagb-container__shape uagb-container__shape-bottom uagb-container__invert\" data-negative=\"false\"><svg xmlns=\"https:\/\/www.w3.org\/2000\/svg\" viewbox=\"0 0 1000 100\" preserveaspectratio=\"none\"><path class=\"uagb-container__shape-fill\" d=\"M421.9,6.5c22.6-2.5,51.5,0.4,75.5,5.3c23.6,4.9,70.9,23.5,100.5,35.7c75.8,32.2,133.7,44.5,192.6,49.7  c23.6,2.1,48.7,3.5,103.4-2.5c54.7-6,106.2-25.6,106.2-25.6V0H0v30.3c0,0,72,32.6,158.4,30.5c39.2-0.7,92.8-6.7,134-22.4  c21.2-8.1,52.2-18.2,79.7-24.2C399.3,7.9,411.6,7.5,421.9,6.5z\"><\/path><\/svg><\/div><div class=\"uagb-container-inner-blocks-wrap\">\n<div class=\"wp-block-uagb-container uagb-layout-grid uagb-block-1e35dc52\">\n<div class=\"wp-block-uagb-image uagb-block-9838b17f wp-block-uagb-image--layout-default wp-block-uagb-image--effect-static wp-block-uagb-image--align-none\"><figure class=\"wp-block-uagb-image__figure\"><img decoding=\"async\" srcset=\"https:\/\/marielisegouit.com\/wp-content\/uploads\/2025\/11\/marie-lise-gouit_media_3-1024x681.webp ,https:\/\/marielisegouit.com\/wp-content\/uploads\/2025\/11\/marie-lise-gouit_qui-suis-je_3.webp 780w, https:\/\/marielisegouit.com\/wp-content\/uploads\/2025\/11\/marie-lise-gouit_qui-suis-je_3.webp 360w\" sizes=\"auto, (max-width: 480px) 150px\" src=\"https:\/\/marielisegouit.com\/wp-content\/uploads\/2025\/11\/marie-lise-gouit_media_3-1024x681.webp\" alt=\"image Marie-Lise Gouit page qui suis je\" class=\"uag-image-610\" width=\"600\" height=\"400\" title=\"Chi sono?\" loading=\"lazy\" role=\"img\"><\/figure><\/div>\n\n\n\n<div class=\"wp-block-uagb-container uagb-block-47b801af\">\n<div class=\"wp-block-uagb-advanced-heading uagb-block-e2c84361\"><h2 class=\"uagb-heading-text\">Il miracolo della vita<\/h2><\/div>\n\n\n\n<div class=\"wp-block-uagb-advanced-heading uagb-block-c7a89984\"><p class=\"uagb-heading-text\">Ho lasciato passare un po' di tempo, ho viaggiato, ho praticato lo Yoga, il Reiki e il Theta Healing\u00ae, ho sviluppato la mia attivit\u00e0, ho coltivato la mia fiducia nella magia della vita e nella mia capacit\u00e0 a vederla... All'inizio del 2024, io e il mio nuovo compagno eravamo appena tornati dall'India e mi sentivo un po' strana. Forse avrei dovuto fare un test? Due piccole righe blu sono comparse e un'immensa gioia mi ha invasa. I pezzi del puzzle sono andati al loro posto. Era il 1\u00b0 febbraio...<\/p><\/div>\n<\/div>\n<\/div>\n<\/div><\/div>\n\n\n\n<div class=\"wp-block-uagb-container uagb-layout-grid uagb-block-590ab7d9 alignfull uagb-is-root-container\"><div class=\"uagb-container-inner-blocks-wrap\">\n<div class=\"wp-block-uagb-info-box uagb-block-a78d5c98 uagb-infobox__content-wrap  uagb-infobox-icon-above-title uagb-infobox-image-valign-top wp-block-uagb-info-box--has-margin\"><div class=\"uagb-infobox-margin-wrapper\"><div class=\"uagb-ifb-content\"><div class=\"uagb-ifb-title-wrap\"><h2 class=\"uagb-ifb-title\">Oggi, una missione di trasmissione<\/h2><\/div><p class=\"uagb-ifb-desc\">Quindi, i miracoli esistono, e siamo noi a renderli possibili. Ti ho portato nel cuore della mia storia perch\u00e9 tu possa scoprire, un po', chi sono, cosa mi muove e perch\u00e9 oggi sono pi\u00f9 impegnata che mai a condividere ci\u00f2 che ho imparato, ad accompagnare coloro che desiderano intraprendere un cammino verso un altro stile di vita pi\u00f9 consapevole, pi\u00f9 allineata, pi\u00f9 armoniosa.<br><br>Sar\u00f2 felice di incontrarti,<br>Marie-Lise<\/p><\/div><\/div><\/div>\n<\/div><\/div>\n\n\n\n<div class=\"wp-block-uagb-container uagb-block-d7b60fd6 alignfull uagb-is-root-container\"><div class=\"uagb-container-inner-blocks-wrap\">\n<div class=\"wp-block-uagb-info-box uagb-block-6fdc34d4 uagb-infobox__content-wrap  uagb-infobox-icon-above-title uagb-infobox-image-valign-top\"><div class=\"uagb-ifb-content\"><div class=\"uagb-ifb-title-wrap\"><h2 class=\"uagb-ifb-title\">Fai il primo passo verso una maggiore Armonia<\/h2><\/div><p class=\"uagb-ifb-desc\">Ti invito a navigare in questo sito, a scoprire le mie pratiche e a contattarmi per saperne di pi\u00f9 o per prenotare una seduta. Insieme, apriamo la strada verso una vita pi\u00f9 allineata e serena.<\/p><div class=\"uagb-ifb-button-wrapper wp-block-button\"><a href=\"https:\/\/marielisegouit.com\/it\/contact-marie-lise-gouit\/\" class=\"uagb-infobox-cta-link wp-block-button__link\" target=\"_self\" rel=\"noopener noreferrer\" onclick=\"return true;\"><span class=\"uagb-inline-editing\">Contatti<\/span><\/a><\/div><\/div><\/div>\n<\/div><\/div>","protected":false},"excerpt":{"rendered":"<p>Namast\u00e9 et bienvenue au c\u0153ur de mon histoire N\u00e9e un 22 juin sous le signe sensible du Cancer, ma vie [&hellip;]<\/p>","protected":false},"author":4,"featured_media":0,"parent":0,"menu_order":0,"comment_status":"closed","ping_status":"closed","template":"","meta":{"_uag_custom_page_level_css":"","site-sidebar-layout":"default","site-content-layout":"","ast-site-content-layout":"default","site-content-style":"default","site-sidebar-style":"default","ast-global-header-display":"","ast-banner-title-visibility":"","ast-main-header-display":"","ast-hfb-above-header-display":"","ast-hfb-below-header-display":"","ast-hfb-mobile-header-display":"","site-post-title":"disabled","ast-breadcrumbs-content":"","ast-featured-img":"","footer-sml-layout":"","theme-transparent-header-meta":"","adv-header-id-meta":"","stick-header-meta":"","header-above-stick-meta":"","header-main-stick-meta":"","header-below-stick-meta":"","astra-migrate-meta-layouts":"default","ast-page-background-enabled":"default","ast-page-background-meta":{"desktop":{"background-color":"var(--ast-global-color-4)","background-image":"","background-repeat":"repeat","background-position":"center center","background-size":"auto","background-attachment":"scroll","background-type":"","background-media":"","overlay-type":"","overlay-color":"","overlay-opacity":"","overlay-gradient":""},"tablet":{"background-color":"","background-image":"","background-repeat":"repeat","background-position":"center center","background-size":"auto","background-attachment":"scroll","background-type":"","background-media":"","overlay-type":"","overlay-color":"","overlay-opacity":"","overlay-gradient":""},"mobile":{"background-color":"","background-image":"","background-repeat":"repeat","background-position":"center center","background-size":"auto","background-attachment":"scroll","background-type":"","background-media":"","overlay-type":"","overlay-color":"","overlay-opacity":"","overlay-gradient":""}},"ast-content-background-meta":{"desktop":{"background-color":"var(--ast-global-color-5)","background-image":"","background-repeat":"repeat","background-position":"center center","background-size":"auto","background-attachment":"scroll","background-type":"","background-media":"","overlay-type":"","overlay-color":"","overlay-opacity":"","overlay-gradient":""},"tablet":{"background-color":"var(--ast-global-color-5)","background-image":"","background-repeat":"repeat","background-position":"center center","background-size":"auto","background-attachment":"scroll","background-type":"","background-media":"","overlay-type":"","overlay-color":"","overlay-opacity":"","overlay-gradient":""},"mobile":{"background-color":"var(--ast-global-color-5)","background-image":"","background-repeat":"repeat","background-position":"center center","background-size":"auto","background-attachment":"scroll","background-type":"","background-media":"","overlay-type":"","overlay-color":"","overlay-opacity":"","overlay-gradient":""}},"footnotes":""},"class_list":["post-24","page","type-page","status-publish","hentry"],"uagb_featured_image_src":{"full":false,"thumbnail":false,"medium":false,"medium_large":false,"large":false,"1536x1536":false,"2048x2048":false,"trp-custom-language-flag":false},"uagb_author_info":{"display_name":"0othftkjxgmx","author_link":"https:\/\/marielisegouit.com\/it\/author\/0othftkjxgmx\/"},"uagb_comment_info":0,"uagb_excerpt":"Namast\u00e9 et bienvenue au c\u0153ur de mon histoire N\u00e9e un 22 juin sous le signe sensible du Cancer, ma vie [&hellip;]","_links":{"self":[{"href":"https:\/\/marielisegouit.com\/it\/wp-json\/wp\/v2\/pages\/24","targetHints":{"allow":["GET"]}}],"collection":[{"href":"https:\/\/marielisegouit.com\/it\/wp-json\/wp\/v2\/pages"}],"about":[{"href":"https:\/\/marielisegouit.com\/it\/wp-json\/wp\/v2\/types\/page"}],"author":[{"embeddable":true,"href":"https:\/\/marielisegouit.com\/it\/wp-json\/wp\/v2\/users\/4"}],"replies":[{"embeddable":true,"href":"https:\/\/marielisegouit.com\/it\/wp-json\/wp\/v2\/comments?post=24"}],"version-history":[{"count":25,"href":"https:\/\/marielisegouit.com\/it\/wp-json\/wp\/v2\/pages\/24\/revisions"}],"predecessor-version":[{"id":671,"href":"https:\/\/marielisegouit.com\/it\/wp-json\/wp\/v2\/pages\/24\/revisions\/671"}],"wp:attachment":[{"href":"https:\/\/marielisegouit.com\/it\/wp-json\/wp\/v2\/media?parent=24"}],"curies":[{"name":"wp","href":"https:\/\/api.w.org\/{rel}","templated":true}]}}